{"id":10387,"date":"2018-02-06T22:42:14","date_gmt":"2018-02-06T22:42:14","guid":{"rendered":"https:\/\/www.expedicionestropicales.com\/?page_id=10387\/"},"modified":"2025-03-25T15:27:35","modified_gmt":"2025-03-25T21:27:35","slug":"contacto","status":"publish","type":"page","link":"https:\/\/www.expedicionestropicales.com\/es\/contacto\/","title":{"rendered":"Contacto"},"content":{"rendered":"<div class=\"wpb-content-wrapper\"><p>[vc_row][vc_column][vc_raw_js]JTNDc2NyaXB0JTIwc3JjJTNEJTI3aHR0cHMlM0ElMkYlMkZ3d3cuZ29vZ2xlLmNvbSUyRnJlY2FwdGNoYSUyRmFwaS5qcyUzRmhsJTNEZXMlMjclM0UlM0MlMkZzY3JpcHQlM0U=[\/vc_raw_js][\/vc_column][\/vc_row][vc_row][vc_column][vc_empty_space][\/vc_column][\/vc_row][vc_row][vc_column width=\u00bb2\/3&#8243;]<div role=\"form\" class=\"wpcf7\" id=\"wpcf7-f10389-o1\" lang=\"en-US\" dir=\"ltr\">\n<div class=\"screen-reader-response\"><\/div>\n<form action=\"\/es\/wp-json\/wp\/v2\/pages\/10387#wpcf7-f10389-o1\" method=\"post\" class=\"wpcf7-form\" novalidate=\"novalidate\">\n<div style=\"display: none;\">\n<input type=\"hidden\" name=\"_wpcf7\" value=\"10389\" \/>\n<input type=\"hidden\" name=\"_wpcf7_version\" value=\"5.0.1\" \/>\n<input type=\"hidden\" name=\"_wpcf7_locale\" value=\"en_US\" \/>\n<input type=\"hidden\" name=\"_wpcf7_unit_tag\" value=\"wpcf7-f10389-o1\" \/>\n<input type=\"hidden\" name=\"_wpcf7_container_post\" value=\"0\" \/>\n<\/div>\n<p><label> Nombre (requerido)<br \/>\n    <span class=\"wpcf7-form-control-wrap your-name\"><input type=\"text\" name=\"your-name\" value=\"\" size=\"40\" class=\"wpcf7-form-control wpcf7-text wpcf7-validates-as-required\" aria-required=\"true\" aria-invalid=\"false\" \/><\/span> <\/label><\/p>\n<p><label> Email (requerido)<br \/>\n    <span class=\"wpcf7-form-control-wrap your-email\"><input type=\"email\" name=\"your-email\" value=\"\" size=\"40\" class=\"wpcf7-form-control wpcf7-text wpcf7-email wpcf7-validates-as-required wpcf7-validates-as-email\" aria-required=\"true\" aria-invalid=\"false\" \/><\/span> <\/label><\/p>\n<p><label> Asunto<br \/>\n    <span class=\"wpcf7-form-control-wrap your-subject\"><input type=\"text\" name=\"your-subject\" value=\"\" size=\"40\" class=\"wpcf7-form-control wpcf7-text\" aria-invalid=\"false\" \/><\/span> <\/label><\/p>\n<p><label> Mensaje<br \/>\n    <span class=\"wpcf7-form-control-wrap your-message\"><textarea name=\"your-message\" cols=\"40\" rows=\"10\" class=\"wpcf7-form-control wpcf7-textarea\" aria-invalid=\"false\"><\/textarea><\/span> <\/label><\/p>\n<p>&ensp;<\/p>\n<p><input type=\"submit\" value=\"Enviar\" class=\"wpcf7-form-control wpcf7-submit\" \/><\/p>\n<div class=\"wpcf7-response-output wpcf7-display-none\"><\/div><\/form><\/div>[\/vc_column][vc_column width=\u00bb1\/3&#8243;][vc_empty_space][vc_column_text]<\/p>\n<p style=\"text-align: center;\"><span style=\"font-size: 14pt;\"><strong>L\u00ednea Gratuita:<\/strong><\/span><\/p>\n<p style=\"text-align: center;\"><span style=\"font-size: 14pt;\"><a class=\"link-color-coral\" href=\"tel:18772023381\">1-877-202-3381<\/a> <\/span><\/p>\n<p style=\"text-align: center;\"><span style=\"font-size: 14pt;\"><strong>Oficina:<\/strong><\/span><\/p>\n<p style=\"text-align: center;\"><span style=\"font-size: 14pt;\"><a class=\"link-color-coral\" href=\"tel:50622574171\">(506) 2257-4171<\/a><\/span><\/p>\n<p style=\"text-align: center;\"><strong><span style=\"font-size: 14pt;\"><em>WhatsApp:<\/em><\/span><\/strong><\/p>\n<p style=\"text-align: center;\"><span style=\"font-size: 14pt;\"> <a class=\"link-color-coral\" href=\"https:\/\/wa.me\/50683087537\" target=\"_blank\" rel=\"noopener\">(506) 8308-7537<\/a><\/span><\/p>\n<p style=\"text-align: center;\"><span style=\"font-size: 14pt;\"><strong>E-mail: <\/strong><\/span><\/p>\n<p style=\"text-align: center;\"><span style=\"font-size: 14pt;\"><a class=\"link-color-coral\" href=\"mailto:tours@expedicionestropicales.com\">tours@expedicionestropicales.com<\/a><\/span><\/p>\n<p>[\/vc_column_text][\/vc_column][\/vc_row][vc_row][vc_column][vc_column_text]<\/p>\n<p style=\"text-align: justify;\"><strong><span style=\"font-size: 14pt;\">NOTA IMPORTANTE para reservas de \u00faltima hora<\/span><\/strong><\/p>\n<p style=\"text-align: justify;\"><span style=\"font-size: 14pt;\">Si su reservaci\u00f3n es para dentro de menos de <strong>24<\/strong> horas, por favor llame directo a nuestra oficina en Costa Rica <a class=\"link-color-coral\" href=\"tel:50622335151\">506 2233-5151<\/a>, Lunes a viernes de <strong><em>08:30am<\/em><\/strong> a <em><strong>05:30pm<\/strong><\/em> hora local. Para reservaciones fuera de horario de oficina (Entre semana <em><strong>05:30pm<\/strong><\/em> a <em><strong>09:00pm<\/strong><\/em> hora local o Fines de semana de <em><strong>06:00am<\/strong><\/em> a <em><strong>09:00pm<\/strong><\/em>) por favor llame al <a class=\"link-color-coral\" href=\"tel:50622574171\">506 2257-4171<\/a> \u00f3 env\u00ede un correo a <a class=\"link-color-coral\" href=\"mailto:tours@expedicionestropicales.com\">tours@expedicionestropicales.com<\/a> y haremos nuestro mayor esfuerzo para garantizar su reservaci\u00f3n!<\/span><br \/>\n<span style=\"font-size: 14pt;\">Gracias!!<\/span><\/p>\n<p>[\/vc_column_text][vc_separator color=\u00bbgreen\u00bb border_width=\u00bb2&#8243; css=\u00bb.vc_custom_1545263249971{margin-top: 15px !important;}\u00bb][vc_column_text]<\/p>\n<p style=\"text-align: justify;\"><span style=\"font-size: 12pt; font-family: arial, helvetica, sans-serif;\">Expediciones Tropicales es un operador tur\u00edstico y empresa de transporte costarricense con M\u00e1s de 25 a\u00f1os de experiencia y acreditados por <strong>ICT<\/strong> (Instituto Costarricense de Turismo), <strong>CANATUR<\/strong> (C\u00e1mara Nacional de Turismo y <strong>ACOT<\/strong>. (Asociaci\u00f3n Costarricense de Turismo).<\/span><\/p>\n<p style=\"text-align: justify;\"><span style=\"font-size: 12pt; font-family: arial, helvetica, sans-serif;\">Estamos ubicados en Avenida 11, Calle 3 Bis. Barrio Am\u00f3n, San Jos\u00e9, Costa Rica.<\/span><\/p>\n<p>[\/vc_column_text][\/vc_column][\/vc_row]<\/p>\n<\/div>","protected":false},"excerpt":{"rendered":"<p>[vc_row][vc_column][vc_raw_js]JTNDc2NyaXB0JTIwc3JjJTNEJTI3aHR0cHMlM0ElMkYlMkZ3d3cuZ29vZ2xlLmNvbSUyRnJlY2FwdGNoYSUyRmFwaS5qcyUzRmhsJTNEZXMlMjclM0UlM0MlMkZzY3JpcHQlM0U=[\/vc_raw_js][\/vc_column][\/vc_row][vc_row][vc_column][vc_empty_space][\/vc_column][\/vc_row][vc_row][vc_column width=\u00bb2\/3&#8243;][\/vc_column][vc_column width=\u00bb1\/3&#8243;][vc_empty_space][vc_column_text] L\u00ednea Gratuita: 1-877-202-3381 Oficina: (506) 2257-4171 WhatsApp: (506) 8308-7537 E-mail: tours@expedicionestropicales.com [\/vc_column_text][\/vc_column][\/vc_row][vc_row][vc_column][vc_column_text] NOTA IMPORTANTE para reservas de \u00faltima hora Si su reservaci\u00f3n es para dentro de menos de 24 horas, por favor llame directo a nuestra oficina en Costa Rica 506 2233-5151, Lunes a viernes de 08:30am a 05:30pm hora local. Para [&hellip;]<\/p>\n","protected":false},"author":12,"featured_media":0,"parent":0,"menu_order":0,"comment_status":"closed","ping_status":"closed","template":"","meta":{"_joinchat":[],"footnotes":""},"class_list":["post-10387","page","type-page","status-publish","hentry"],"_links":{"self":[{"href":"https:\/\/www.expedicionestropicales.com\/es\/wp-json\/wp\/v2\/pages\/10387","targetHints":{"allow":["GET"]}}],"collection":[{"href":"https:\/\/www.expedicionestropicales.com\/es\/wp-json\/wp\/v2\/pages"}],"about":[{"href":"https:\/\/www.expedicionestropicales.com\/es\/wp-json\/wp\/v2\/types\/page"}],"author":[{"embeddable":true,"href":"https:\/\/www.expedicionestropicales.com\/es\/wp-json\/wp\/v2\/users\/12"}],"replies":[{"embeddable":true,"href":"https:\/\/www.expedicionestropicales.com\/es\/wp-json\/wp\/v2\/comments?post=10387"}],"version-history":[{"count":23,"href":"https:\/\/www.expedicionestropicales.com\/es\/wp-json\/wp\/v2\/pages\/10387\/revisions"}],"predecessor-version":[{"id":13513,"href":"https:\/\/www.expedicionestropicales.com\/es\/wp-json\/wp\/v2\/pages\/10387\/revisions\/13513"}],"wp:attachment":[{"href":"https:\/\/www.expedicionestropicales.com\/es\/wp-json\/wp\/v2\/media?parent=10387"}],"curies":[{"name":"wp","href":"https:\/\/api.w.org\/{rel}","templated":true}]}}