{"id":4839,"date":"2015-11-14T22:29:59","date_gmt":"2015-11-14T22:29:59","guid":{"rendered":"https:\/\/www.expedicionestropicales.com\/es\/?page_id=4839"},"modified":"2024-11-12T13:56:14","modified_gmt":"2024-11-12T19:56:14","slug":"homepage1","status":"publish","type":"page","link":"https:\/\/www.expedicionestropicales.com\/es\/","title":{"rendered":"Inicio"},"content":{"rendered":"<div class=\"wpb-content-wrapper\"><p>[vc_row][vc_column][vc_empty_space][vc_custom_heading text=\u00bbBienvenido a Expediciones Tropicales<br \/>\nSu Consolidador Tur\u00edstico desde 1993.\u00bb font_container=\u00bbtag:h1|font_size:30|text_align:center|color:%237caa0d\u00bb google_fonts=\u00bbfont_family:Montserrat%3Aregular%2C700&#8243;][\/vc_column][\/vc_row][vc_row][vc_column][vc_column_text]<\/p>\n<div class=\" vc_custom_1452269007685\">\n<p style=\"text-align: justify;\"><span style=\"font-family: arial, helvetica, sans-serif; font-size: 14pt; color: #000000;\">Expediciones Tropicales es un tour operador consolidado, agencia de viajes receptiva y compa\u00f1ia de transporte con m\u00e1s de <strong>30 a\u00f1os<\/strong> de experiencia proveyendo servicios de alta calidad a clientes que desean visitar Costa Rica, Panam\u00e1 y Nicaragua. Expediciones Tropicales opera como una compa\u00f1\u00eda de viajes autorizada desde 1993 bajo la licencia de turismo de Costa Rica 293. Como un tour operador, trabajamos con gran cantidad de agencias en Costa Rica, en particular con servicios personalizados para grandes grupos, asegurando a los viajeros una experiencia \u00fanica e inolvidable.<\/span><\/p>\n<p style=\"text-align: justify;\"><span style=\"font-family: arial, helvetica, sans-serif; font-size: 14pt; color: #000000;\">En este sitio usted encontrar\u00e1 informaci\u00f3n general acerca de Costa Rica y sobre los servicios que Expediciones Tropicales puede ofrecerle; como una selecci\u00f3n de hoteles, servicios de transporte tanto privado y alquiler de autos, entradas a parques nacionales, coordinaci\u00f3n de eventos especiales como bodas, vuelos dom\u00e9stico y mucho m\u00e1s.<\/span><\/p>\n<\/div>\n<p>[\/vc_column_text][\/vc_column][\/vc_row][vc_row][vc_column][vc_empty_space][\/vc_column][\/vc_row][vc_row][vc_column width=\u00bb1\/3&#8243;][vc_single_image image=\u00bb13043&#8243; img_size=\u00bbfull\u00bb alignment=\u00bbcenter\u00bb onclick=\u00bbcustom_link\u00bb link=\u00bbhttps:\/\/www.expedicionestropicales.com\/es\/sostenibilidad\/\u00bb][\/vc_column][vc_column width=\u00bb1\/3&#8243;][vc_single_image image=\u00bb13010&#8243; img_size=\u00bb100px\u00bb alignment=\u00bbcenter\u00bb][\/vc_column][vc_column width=\u00bb1\/3&#8243;][vc_single_image image=\u00bb13012&#8243; img_size=\u00bbfull\u00bb alignment=\u00bbcenter\u00bb][\/vc_column][\/vc_row][vc_row el_class=\u00bbocultarcontenedor\u00bb][vc_column width=\u00bb1\/4&#8243;][vc_single_image image=\u00bb13043&#8243; img_size=\u00bbfull\u00bb alignment=\u00bbcenter\u00bb onclick=\u00bbcustom_link\u00bb img_link_target=\u00bb_blank\u00bb link=\u00bbhttps:\/\/www.expedicionestropicales.com\/etcr.doc\u00bb][\/vc_column][vc_column width=\u00bb1\/4&#8243;][vc_single_image image=\u00bb13045&#8243; img_size=\u00bbfull\u00bb alignment=\u00bbcenter\u00bb onclick=\u00bbcustom_link\u00bb img_link_target=\u00bb_blank\u00bb link=\u00bbhttps:\/\/www.expedicionestropicales.com\/wp-content\/uploads\/2023\/01\/turismo-sostenible.pdf\u00bb][\/vc_column][vc_column width=\u00bb1\/4&#8243;][vc_single_image image=\u00bb13010&#8243; img_size=\u00bb100px\u00bb alignment=\u00bbcenter\u00bb][\/vc_column][vc_column width=\u00bb1\/4&#8243;][vc_single_image image=\u00bb13012&#8243; img_size=\u00bbfull\u00bb alignment=\u00bbcenter\u00bb][\/vc_column][\/vc_row][vc_row][vc_column][vc_column_text]<div class=\"wpb-content-wrapper\"><p>[vc_row][vc_column][vc_column_text]<\/p>\n<div class=\"centrado\" style=\"text-align: center;\"><img decoding=\"async\" class=\"alignnone size-full wp-image-10000\" src=\"https:\/\/www.expedicionestropicales.com\/wp-content\/uploads\/2024\/05\/LOGOS-PNG.png\" alt=\"\" width=\"100%\" height=\"auto\" \/><\/div>\n<p>[\/vc_column_text][\/vc_column][\/vc_row]<\/p>\n<\/div>[\/vc_column_text][\/vc_column][\/vc_row]<\/p>\n<\/div>","protected":false},"excerpt":{"rendered":"<p>[vc_row][vc_column][vc_empty_space][vc_custom_heading text=\u00bbBienvenido a Expediciones Tropicales Su Consolidador Tur\u00edstico desde 1993.\u00bb font_container=\u00bbtag:h1|font_size:30|text_align:center|color:%237caa0d\u00bb google_fonts=\u00bbfont_family:Montserrat%3Aregular%2C700&#8243;][\/vc_column][\/vc_row][vc_row][vc_column][vc_column_text] Expediciones Tropicales es un tour operador consolidado, agencia de viajes receptiva y compa\u00f1ia de transporte con m\u00e1s de 30 a\u00f1os de experiencia proveyendo servicios de alta calidad a clientes que desean visitar Costa Rica, Panam\u00e1 y Nicaragua. Expediciones Tropicales opera como una compa\u00f1\u00eda [&hellip;]<\/p>\n","protected":false},"author":9,"featured_media":0,"parent":0,"menu_order":0,"comment_status":"closed","ping_status":"closed","template":"templates\/template-with-right-sidebar.php","meta":{"_joinchat":[],"footnotes":""},"class_list":["post-4839","page","type-page","status-publish","hentry"],"_links":{"self":[{"href":"https:\/\/www.expedicionestropicales.com\/es\/wp-json\/wp\/v2\/pages\/4839","targetHints":{"allow":["GET"]}}],"collection":[{"href":"https:\/\/www.expedicionestropicales.com\/es\/wp-json\/wp\/v2\/pages"}],"about":[{"href":"https:\/\/www.expedicionestropicales.com\/es\/wp-json\/wp\/v2\/types\/page"}],"author":[{"embeddable":true,"href":"https:\/\/www.expedicionestropicales.com\/es\/wp-json\/wp\/v2\/users\/9"}],"replies":[{"embeddable":true,"href":"https:\/\/www.expedicionestropicales.com\/es\/wp-json\/wp\/v2\/comments?post=4839"}],"version-history":[{"count":25,"href":"https:\/\/www.expedicionestropicales.com\/es\/wp-json\/wp\/v2\/pages\/4839\/revisions"}],"predecessor-version":[{"id":13382,"href":"https:\/\/www.expedicionestropicales.com\/es\/wp-json\/wp\/v2\/pages\/4839\/revisions\/13382"}],"wp:attachment":[{"href":"https:\/\/www.expedicionestropicales.com\/es\/wp-json\/wp\/v2\/media?parent=4839"}],"curies":[{"name":"wp","href":"https:\/\/api.w.org\/{rel}","templated":true}]}}