{"id":7594,"date":"2015-09-29T20:30:39","date_gmt":"2015-09-29T20:30:39","guid":{"rendered":"https:\/\/www.expedicionestropicales.com\/es\/costa-rica-hotels\/"},"modified":"2019-05-22T15:40:37","modified_gmt":"2019-05-22T15:40:37","slug":"costa-rica-hotels","status":"publish","type":"page","link":"https:\/\/www.expedicionestropicales.com\/es\/costa-rica-hotels\/","title":{"rendered":"Hotels in Costa Rica"},"content":{"rendered":"<div class=\"wpb-content-wrapper\"><p>[vc_row][vc_column][vc_empty_space][\/vc_column][\/vc_row][vc_row][vc_column][vc_column_text]<\/p>\n<p style=\"text-align: justify;\"><span style=\"font-family: arial, helvetica, sans-serif; font-size: 14pt;\">Ofrecemos la mayor variedad de Costa Rica Hoteles de certificados, dividido en 6 zonas tur\u00edsticas y cuidadosamente seleccionado, con las mejores ubicaciones para su viaje. CostaRicaGuides.com le proporciona una simple lista de Costa Rica Hoteles, Bed and Breakfast and Resorts. Nuestro compromiso es visitar cada uno de los hoteles personalmente para garantizar la calidad en funci\u00f3n del tipo de alojamiento.<\/span><\/p>\n<p>[\/vc_column_text][\/vc_column][\/vc_row][vc_row][vc_column][vc_column_text]<\/p>\n<table border=\"0\" width=\"100%\" cellspacing=\"0\" cellpadding=\"0\">\n<tbody>\n<tr>\n<td valign=\"top\" width=\"48%\">\n<table style=\"height: 914px;\" border=\"0\" width=\"514\" cellspacing=\"2\" cellpadding=\"4\">\n<tbody>\n<tr>\n<td valign=\"top\"><b><u class=\"Titulo\"><span style=\"font-size: medium;\">Hotel Directory<\/span><\/u><\/b><\/td>\n<td valign=\"top\"><\/td>\n<\/tr>\n<tr>\n<td valign=\"top\" bgcolor=\"#F5F5F5\"><b><img loading=\"lazy\" decoding=\"async\" src=\"https:\/\/www.expedicionestropicales.com\/costa_rica_hotels\/images\/regions\/northern.gif\" alt=\"\" width=\"42\" height=\"11\" \/>Northern Region<\/b><\/td>\n<td valign=\"top\" bgcolor=\"#F5F5F5\"><b><img loading=\"lazy\" decoding=\"async\" src=\"https:\/\/www.expedicionestropicales.com\/costa_rica_hotels\/images\/regions\/north.gif\" alt=\"\" width=\"42\" height=\"11\" \/>North Pacific Region<\/b><\/td>\n<\/tr>\n<tr>\n<td valign=\"top\" bgcolor=\"#FFFFFF\" width=\"50%\">\n<hr class=\"hr_box\" \/>\n<ul>\n<li><a href=\"https:\/\/www.expedicionestropicales.com\/es\/region-norte\/arenal-area\/\">Arenal Area<\/a><\/li>\n<li><a href=\"https:\/\/www.expedicionestropicales.com\/es\/region-norte\/monteverde\/\">Monteverde<\/a><\/li>\n<\/ul>\n<\/td>\n<td valign=\"top\" bgcolor=\"#FFFFFF\" width=\"50%\">\n<hr class=\"hr_box\" \/>\n<ul>\n<li><a href=\"https:\/\/www.expedicionestropicales.com\/es\/north-pacific-region\/papagayo-gulf\/\">Papagayo Gulf<\/a><\/li>\n<li><a href=\"https:\/\/www.expedicionestropicales.com\/es\/north-pacific-region\/flamingo-tamarindo\/\">Flamingo &amp; Tamarindo<\/a><\/li>\n<li><a href=\"https:\/\/www.expedicionestropicales.com\/es\/north-pacific-region\/samara\/\">Samara<\/a><\/li>\n<li><a href=\"Liberia\">Liberia<\/a><\/li>\n<\/ul>\n<\/td>\n<\/tr>\n<tr>\n<td valign=\"top\" bgcolor=\"#F5F5F5\"><b><img loading=\"lazy\" decoding=\"async\" src=\"https:\/\/www.expedicionestropicales.com\/costa_rica_hotels\/images\/regions\/central_valley.gif\" alt=\"\" width=\"42\" height=\"11\" \/>Central Valley <\/b><\/td>\n<td valign=\"top\" bgcolor=\"#F5F5F5\"><b><img loading=\"lazy\" decoding=\"async\" src=\"https:\/\/www.expedicionestropicales.com\/costa_rica_hotels\/images\/regions\/caribbean.gif\" alt=\"\" width=\"42\" height=\"11\" \/>Caribbean Coast <\/b><\/td>\n<\/tr>\n<tr>\n<td valign=\"top\" bgcolor=\"#FFFFFF\" width=\"50%\">\n<hr class=\"hr_box\" \/>\n<ul>\n<li><a href=\"https:\/\/www.expedicionestropicales.com\/es\/central-valley\/san-jose-city\/\">San Jose City<\/a><\/li>\n<li><a href=\"\/central-valley\/alajuela-and-h\u2026ar-int-airport\/\">Alajuela and Heredia (Near Int. Airport)<\/a><\/li>\n<li><a href=\"https:\/\/www.expedicionestropicales.com\/es\/central-valley\/sarapiqui\/\">Sarapiqui<\/a><\/li>\n<\/ul>\n<\/td>\n<td valign=\"top\" bgcolor=\"#FFFFFF\" width=\"50%\">\n<hr class=\"hr_box\" \/>\n<ul>\n<li><a href=\"https:\/\/www.expedicionestropicales.com\/es\/caribbean-coast\/cahuita-puerto-viejo\/\">Cahuita &amp; Puerto Viejo<\/a><\/li>\n<li><a href=\"https:\/\/www.expedicionestropicales.com\/es\/caribbean-coast\/limon\/\">Limon<\/a><\/li>\n<li><a href=\"https:\/\/www.expedicionestropicales.com\/es\/caribbean-coast\/tortuguero\/\">Tortuguero<\/a><\/li>\n<\/ul>\n<\/td>\n<\/tr>\n<tr>\n<td valign=\"top\" bgcolor=\"#F5F5F5\"><b><img loading=\"lazy\" decoding=\"async\" src=\"https:\/\/www.expedicionestropicales.com\/costa_rica_hotels\/images\/regions\/central_pacific.gif\" alt=\"\" width=\"42\" height=\"11\" \/>Central Pacific <\/b><\/td>\n<td valign=\"top\" bgcolor=\"#F5F5F5\"><b><img loading=\"lazy\" decoding=\"async\" src=\"https:\/\/www.expedicionestropicales.com\/costa_rica_hotels\/images\/regions\/southern.gif\" alt=\"\" width=\"42\" height=\"11\" \/>Southern Pacific <\/b><\/td>\n<\/tr>\n<tr>\n<td valign=\"top\" bgcolor=\"#FFFFFF\">\n<hr class=\"hr_box\" \/>\n<ul>\n<li><a href=\"https:\/\/www.expedicionestropicales.com\/es\/central-pacific\/jaco-beach\/\">Jaco Beach<\/a><\/li>\n<li><a href=\"https:\/\/www.expedicionestropicales.com\/es\/central-pacific\/manuel-antonio\/\">Manuel Antonio<\/a><\/li>\n<li><a href=\"https:\/\/www.expedicionestropicales.com\/es\/central-pacific\/tambor-montezuma-mal-pais\/\">Tambor, Montezuma &amp; Mal Pais<\/a><\/li>\n<\/ul>\n<\/td>\n<td valign=\"top\" bgcolor=\"#FFFFFF\">\n<hr class=\"hr_box\" \/>\n<ul>\n<li><a href=\"https:\/\/www.expedicionestropicales.com\/es\/southern-pacific\/corcovado\/\">Corcovado<\/a><\/li>\n<li><a href=\"https:\/\/www.expedicionestropicales.com\/es\/southern-pacific\/dominical\/\">Dominical<\/a><\/li>\n<\/ul>\n<\/td>\n<\/tr>\n<tr>\n<td colspan=\"2\" valign=\"top\" bgcolor=\"#FFFFFF\">\n<hr \/>\n<p style=\"text-align: justify;\"><span style=\"font-family: arial, helvetica, sans-serif; font-size: 12pt;\">Para ver los hoteles simplemente haga clic en la regi\u00f3n que le gustar\u00eda visitar. Si prefiere uno de nuestros asesores de Costa Rica le puede ayudar directamente simplemente llame a nuestro n\u00famero gratuito 1-877-281-8515.<\/span><\/p>\n<\/td>\n<\/tr>\n<\/tbody>\n<\/table>\n<div align=\"center\"><\/div>\n<\/td>\n<td valign=\"top\" width=\"52%\">&nbsp;<\/p>\n<p>&nbsp;<\/p>\n<p>&nbsp;<\/p>\n<p>&nbsp;<\/p>\n<p>&nbsp;<\/p>\n<p class=\"Titulo\"><img loading=\"lazy\" decoding=\"async\" class=\"\" src=\"https:\/\/www.expedicionestropicales.com\/costa_rica_hotels\/images\/map_regions.png\" alt=\"\" width=\"567\" height=\"518\" \/><\/p>\n<p>&nbsp;<\/td>\n<\/tr>\n<\/tbody>\n<\/table>\n<p>[\/vc_column_text][vc_row_inner]<br \/>\n[\/vc_row_inner][vc_column_inner]<br \/>\n[\/vc_column_inner][vc_column_text]<div class=\"section\"><\/div><div class=\"container\"><\/div><h2>Recommended Hotels<\/h2><div class=\"block image-carousel style2 flexslider\" data-animation=\"slide\" data-item-width=\"270\" data-item-margin=\"30\"><ul class=\"slides hotel image-box listing-style2\"><li>\r\n\t\t\t<article class=\"box\">\r\n\r\n\t\t\t\t<figure >\r\n\r\n\t\t\t\t\t<a href=\"https:\/\/www.expedicionestropicales.com\/es\/accommodation\/arenal-volcano-inn\/\" data-post_id=\"5308\" class=\"hover-effect\"><img loading=\"lazy\" decoding=\"async\" width=\"500\" height=\"300\" src=\"https:\/\/www.expedicionestropicales.com\/wp-content\/uploads\/2015\/08\/arenal_volcano_inn_2-500x300.jpg\" class=\"attachment-biggallery-thumb size-biggallery-thumb wp-post-image\" alt=\"arenal_volcano_inn_2\" \/><\/a>\r\n\r\n\t\t\t\t\t\r\n\t\t\t\t<\/figure>\r\n\r\n\t\t\t\t<div class=\"details\">\r\n\r\n\t\t\t\t\t\r\n\t\t\t\t\t\t<a title=\"View all\" href=\"https:\/\/www.expedicionestropicales.com\/es\/accommodation\/arenal-volcano-inn\/\" class=\"pull-right button uppercase\">select<\/a>\r\n\r\n\t\t\t\t\t\t<h4 class=\"box-title\"><a href=\"https:\/\/www.expedicionestropicales.com\/es\/accommodation\/arenal-volcano-inn\/\">Arenal Volcano Inn<\/a><\/h4>\r\n\r\n\t\t\t\t\t\t\r\n\t\t\t\t\t\t\t<label class=\"price-wrapper\">\r\n\r\n\t\t\t\t\t\t\t\t<span class=\"price-per-unit\">$90.00<\/span>From\r\n\t\t\t\t\t\t\t<\/label>\r\n\r\n\t\t\t\t\t\t\r\n\t\t\t\t<\/div>\r\n\r\n\t\t\t<\/article>\r\n\r\n\r\n\r\n\t\t<\/li><li>\r\n\t\t\t<article class=\"box\">\r\n\r\n\t\t\t\t<figure >\r\n\r\n\t\t\t\t\t<a href=\"https:\/\/www.expedicionestropicales.com\/es\/accommodation\/tabacon-grand-spa\/\" data-post_id=\"5305\" class=\"hover-effect\"><img loading=\"lazy\" decoding=\"async\" width=\"500\" height=\"300\" src=\"https:\/\/www.expedicionestropicales.com\/wp-content\/uploads\/2015\/08\/image348-500x300.jpg\" class=\"attachment-biggallery-thumb size-biggallery-thumb wp-post-image\" alt=\"Tabac\u00f3n Grand Spa\" \/><\/a>\r\n\r\n\t\t\t\t\t\r\n\t\t\t\t<\/figure>\r\n\r\n\t\t\t\t<div class=\"details\">\r\n\r\n\t\t\t\t\t\r\n\t\t\t\t\t\t<a title=\"View all\" href=\"https:\/\/www.expedicionestropicales.com\/es\/accommodation\/tabacon-grand-spa\/\" class=\"pull-right button uppercase\">select<\/a>\r\n\r\n\t\t\t\t\t\t<h4 class=\"box-title\"><a href=\"https:\/\/www.expedicionestropicales.com\/es\/accommodation\/tabacon-grand-spa\/\">Tabac\u00f3n Grand Spa<\/a><\/h4>\r\n\r\n\t\t\t\t\t\t\r\n\t\t\t\t\t\t\t<label class=\"price-wrapper\">\r\n\r\n\t\t\t\t\t\t\t\t<span class=\"price-per-unit\">$321.00<\/span>From\r\n\t\t\t\t\t\t\t<\/label>\r\n\r\n\t\t\t\t\t\t\r\n\t\t\t\t<\/div>\r\n\r\n\t\t\t<\/article>\r\n\r\n\r\n\r\n\t\t<\/li><li>\r\n\t\t\t<article class=\"box\">\r\n\r\n\t\t\t\t<figure >\r\n\r\n\t\t\t\t\t<a href=\"https:\/\/www.expedicionestropicales.com\/es\/accommodation\/arenal-observatory-lodge\/\" data-post_id=\"5289\" class=\"hover-effect\"><img loading=\"lazy\" decoding=\"async\" width=\"500\" height=\"300\" src=\"https:\/\/www.expedicionestropicales.com\/wp-content\/uploads\/2015\/08\/Arenal-Observatory-Lodge-500x300.jpg\" class=\"attachment-biggallery-thumb size-biggallery-thumb wp-post-image\" alt=\"Arenal Observatory Lodge\" \/><\/a>\r\n\r\n\t\t\t\t\t\r\n\t\t\t\t<\/figure>\r\n\r\n\t\t\t\t<div class=\"details\">\r\n\r\n\t\t\t\t\t\r\n\t\t\t\t\t\t<a title=\"View all\" href=\"https:\/\/www.expedicionestropicales.com\/es\/accommodation\/arenal-observatory-lodge\/\" class=\"pull-right button uppercase\">select<\/a>\r\n\r\n\t\t\t\t\t\t<h4 class=\"box-title\"><a href=\"https:\/\/www.expedicionestropicales.com\/es\/accommodation\/arenal-observatory-lodge\/\">Arenal Observatory Lodge<\/a><\/h4>\r\n\r\n\t\t\t\t\t\t\r\n\t\t\t\t\t\t\t<label class=\"price-wrapper\">\r\n\r\n\t\t\t\t\t\t\t\t<span class=\"price-per-unit\">$115.00<\/span>From\r\n\t\t\t\t\t\t\t<\/label>\r\n\r\n\t\t\t\t\t\t\r\n\t\t\t\t<\/div>\r\n\r\n\t\t\t<\/article>\r\n\r\n\r\n\r\n\t\t<\/li><\/ul><\/div>[vc_row][vc_column][vc_column_text]<\/p>\n<div class=\"row block\"><\/div>\n<p>[\/vc_column_text][\/vc_column][\/vc_row][vc_row][vc_column][vc_column_text]<br \/>\n[\/vc_column_text][\/vc_column][\/vc_row][vc_column][vc_column_text]<br \/>\n[\/vc_column_text][\/vc_column][vc_column_text]<br \/>\n[\/vc_column_text]<div class=\"listing-style4\"><\/div><div class=\"listing-style4\"><\/div><div class=\"listing-style4\"><\/div><div class=\"listing-style4\"><\/div><div class=\"listing-style4\"><\/div><h2>Travelers Choice of Hotels<\/h2><div class=\"block image-carousel style2 flexslider\" data-animation=\"slide\" data-item-width=\"270\" data-item-margin=\"30\"><ul class=\"slides hotel image-box listing-style1\"><li>\r\n\t\t\t<article class=\"box\">\r\n\r\n\t\t\t\t<figure >\r\n\r\n\t\t\t\t\t<a href=\"https:\/\/www.expedicionestropicales.com\/es\/accommodation\/occidental-grand-papagayo\/\" data-post_id=\"6630\" class=\"hover-effect\"><\/a>\r\n\r\n\t\t\t\t\t\r\n\t\t\t\t<\/figure>\r\n\r\n\t\t\t\t<div class=\"details\">\r\n\r\n\t\t\t\t\t\r\n\t\t\t\t\t\t<h4 class=\"box-title\">\r\n\r\n\t\t\t\t\t\t\t<a href=\"https:\/\/www.expedicionestropicales.com\/es\/accommodation\/occidental-grand-papagayo\/\">Occidental Grand Papagayo<\/a>\r\n\r\n\t\t\t\t\t\t\t<small>Papagayo Gulf North Pacific Region<\/small>\r\n\r\n\t\t\t\t\t\t<\/h4>\r\n\r\n\t\t\t\t\t\t<div class=\"feedback\">\r\n\r\n\t\t\t\t\t\t\t<div data-placement=\"bottom\" data-toggle=\"tooltip\" class=\"five-stars-container\" title=\"0 stars\"><span style=\"width: 0%;\" class=\"five-stars\"><\/span><\/div>\r\n\r\n\t\t\t\t\t\t\t<span class=\"review\">0 reviews<\/span>\r\n\r\n\t\t\t\t\t\t<\/div>\r\n\r\n\t\t\t\t\t\t<p class=\"description\">[vc_row][vc_column][vc_row_inner][vc_column_inner][\/vc_column_inner][\/vc_row_inner][vc_column_text] The 5-star Occidental Grand Papagayo Resort is a magnificent experience on the Gulf of Papagayo, reserved exclusively for adults,<\/p>\r\n\r\n\t\t\t\t\t\t<div class=\"action clearfix\">\r\n\r\n\t\t\t\t\t\t\t\r\n\t\t\t\t\t\t\t\t<a class=\"button btn-small\" href=\"https:\/\/www.expedicionestropicales.com\/es\/accommodation\/occidental-grand-papagayo\/\">SELECT<\/a>\r\n\r\n\t\t\t\t\t\t\t\t<a class=\"button btn-small yellow popup-map\" href=\"#\" data-box=\"10.589166301912206,-85.67090744152671\">VIEW ON MAP<\/a>\r\n\r\n\t\t\t\t\t\t\t\r\n\t\t\t\t\t\t<\/div>\r\n\r\n\t\t\t\t\t\r\n\t\t\t\t<\/div>\r\n\r\n\t\t\t<\/article>\r\n\r\n\r\n\r\n\t\t<\/li><li>\r\n\t\t\t<article class=\"box\">\r\n\r\n\t\t\t\t<figure >\r\n\r\n\t\t\t\t\t<a href=\"https:\/\/www.expedicionestropicales.com\/es\/accommodation\/aparthotel-and-suites-cristina\/\" data-post_id=\"5314\" class=\"hover-effect\"><img loading=\"lazy\" decoding=\"async\" width=\"500\" height=\"300\" src=\"https:\/\/www.expedicionestropicales.com\/wp-content\/uploads\/2015\/11\/Suites-Cristina-internal-view-duplex1-500x300.jpg\" class=\"attachment-biggallery-thumb size-biggallery-thumb wp-post-image\" alt=\"\" \/><\/a>\r\n\r\n\t\t\t\t\t\r\n\t\t\t\t<\/figure>\r\n\r\n\t\t\t\t<div class=\"details\">\r\n\r\n\t\t\t\t\t\r\n\t\t\t\t\t\t<h4 class=\"box-title\">\r\n\r\n\t\t\t\t\t\t\t<a href=\"https:\/\/www.expedicionestropicales.com\/es\/accommodation\/aparthotel-and-suites-cristina\/\">Aparthotel and Suites Cristina<\/a>\r\n\r\n\t\t\t\t\t\t\t<small>San Jose City Central Valley<\/small>\r\n\r\n\t\t\t\t\t\t<\/h4>\r\n\r\n\t\t\t\t\t\t<div class=\"feedback\">\r\n\r\n\t\t\t\t\t\t\t<div data-placement=\"bottom\" data-toggle=\"tooltip\" class=\"five-stars-container\" title=\"0 stars\"><span style=\"width: 0%;\" class=\"five-stars\"><\/span><\/div>\r\n\r\n\t\t\t\t\t\t\t<span class=\"review\">0 reviews<\/span>\r\n\r\n\t\t\t\t\t\t<\/div>\r\n\r\n\t\t\t\t\t\t<p class=\"description\">[vc_row][vc_column][vc_row_inner][vc_column_inner][\/vc_column_inner][\/vc_row_inner][vc_column_text] Aparthotel and Suites Cristina is conveniently located on the north side of La Sabana Metropolitan Park, the largest in<\/p>\r\n\r\n\t\t\t\t\t\t<div class=\"action clearfix\">\r\n\r\n\t\t\t\t\t\t\t\r\n\t\t\t\t\t\t\t\t<a class=\"button btn-small\" href=\"https:\/\/www.expedicionestropicales.com\/es\/accommodation\/aparthotel-and-suites-cristina\/\">SELECT<\/a>\r\n\r\n\t\t\t\t\t\t\t\t<a class=\"button btn-small yellow popup-map\" href=\"#\" data-box=\"9.941316192444745,-84.10186395049095\">VIEW ON MAP<\/a>\r\n\r\n\t\t\t\t\t\t\t\r\n\t\t\t\t\t\t<\/div>\r\n\r\n\t\t\t\t\t\r\n\t\t\t\t<\/div>\r\n\r\n\t\t\t<\/article>\r\n\r\n\r\n\r\n\t\t<\/li><li>\r\n\t\t\t<article class=\"box\">\r\n\r\n\t\t\t\t<figure >\r\n\r\n\t\t\t\t\t<a href=\"https:\/\/www.expedicionestropicales.com\/es\/accommodation\/cala-luna-2\/\" data-post_id=\"10065\" class=\"hover-effect\"><\/a>\r\n\r\n\t\t\t\t\t\r\n\t\t\t\t<\/figure>\r\n\r\n\t\t\t\t<div class=\"details\">\r\n\r\n\t\t\t\t\t\r\n\t\t\t\t\t\t<h4 class=\"box-title\">\r\n\r\n\t\t\t\t\t\t\t<a href=\"https:\/\/www.expedicionestropicales.com\/es\/accommodation\/cala-luna-2\/\">Cala Luna Hotel y Villas<\/a>\r\n\r\n\t\t\t\t\t\t\t<small>Flamingo y Tamarindo Regi\u00f3n Norte del Pac\u00edfico<\/small>\r\n\r\n\t\t\t\t\t\t<\/h4>\r\n\r\n\t\t\t\t\t\t<div class=\"feedback\">\r\n\r\n\t\t\t\t\t\t\t<div data-placement=\"bottom\" data-toggle=\"tooltip\" class=\"five-stars-container\" title=\"0 stars\"><span style=\"width: 0%;\" class=\"five-stars\"><\/span><\/div>\r\n\r\n\t\t\t\t\t\t\t<span class=\"review\">0 reviews<\/span>\r\n\r\n\t\t\t\t\t\t<\/div>\r\n\r\n\t\t\t\t\t\t<p class=\"description\">[vc_row][vc_column][vc_row_inner][vc_column_inner][\/vc_column_inner][\/vc_row_inner][vc_column_text] Ubicado en la pr\u00f3spera Playa Langosta de Costa Rica, el \u00e1rea m\u00e1s exclusiva, relajante y privada de la playa<\/p>\r\n\r\n\t\t\t\t\t\t<div class=\"action clearfix\">\r\n\r\n\t\t\t\t\t\t\t\r\n\t\t\t\t\t\t\t\t<a class=\"button btn-small\" href=\"https:\/\/www.expedicionestropicales.com\/es\/accommodation\/cala-luna-2\/\">SELECT<\/a>\r\n\r\n\t\t\t\t\t\t\t\t<a class=\"button btn-small yellow popup-map\" href=\"#\" data-box=\"10.291399751378952,-85.85152535566408\">VIEW ON MAP<\/a>\r\n\r\n\t\t\t\t\t\t\t\r\n\t\t\t\t\t\t<\/div>\r\n\r\n\t\t\t\t\t\r\n\t\t\t\t<\/div>\r\n\r\n\t\t\t<\/article>\r\n\r\n\r\n\r\n\t\t<\/li><li>\r\n\t\t\t<article class=\"box\">\r\n\r\n\t\t\t\t<figure >\r\n\r\n\t\t\t\t\t<a href=\"https:\/\/www.expedicionestropicales.com\/es\/accommodation\/cala-luna\/\" data-post_id=\"9990\" class=\"hover-effect\"><\/a>\r\n\r\n\t\t\t\t\t\r\n\t\t\t\t<\/figure>\r\n\r\n\t\t\t\t<div class=\"details\">\r\n\r\n\t\t\t\t\t\r\n\t\t\t\t\t\t<h4 class=\"box-title\">\r\n\r\n\t\t\t\t\t\t\t<a href=\"https:\/\/www.expedicionestropicales.com\/es\/accommodation\/cala-luna\/\">Cala Luna<\/a>\r\n\r\n\t\t\t\t\t\t\t<small>Flamingo y Tamarindo Regi\u00f3n Norte del Pac\u00edfico<\/small>\r\n\r\n\t\t\t\t\t\t<\/h4>\r\n\r\n\t\t\t\t\t\t<div class=\"feedback\">\r\n\r\n\t\t\t\t\t\t\t<div data-placement=\"bottom\" data-toggle=\"tooltip\" class=\"five-stars-container\" title=\"0 stars\"><span style=\"width: 0%;\" class=\"five-stars\"><\/span><\/div>\r\n\r\n\t\t\t\t\t\t\t<span class=\"review\">0 reviews<\/span>\r\n\r\n\t\t\t\t\t\t<\/div>\r\n\r\n\t\t\t\t\t\t<p class=\"description\">Ubicado en la pr\u00f3spera Playa Langosta de Costa Rica, el \u00e1rea m\u00e1s exclusiva, relajante y privada de la playa de<\/p>\r\n\r\n\t\t\t\t\t\t<div class=\"action clearfix\">\r\n\r\n\t\t\t\t\t\t\t\r\n\t\t\t\t\t\t\t\t<a class=\"button btn-small\" href=\"https:\/\/www.expedicionestropicales.com\/es\/accommodation\/cala-luna\/\">SELECT<\/a>\r\n\r\n\t\t\t\t\t\t\t\t<a class=\"button btn-small yellow popup-map\" href=\"#\" data-box=\"10.291464221966914,-85.85145011544233\">VIEW ON MAP<\/a>\r\n\r\n\t\t\t\t\t\t\t\r\n\t\t\t\t\t\t<\/div>\r\n\r\n\t\t\t\t\t\r\n\t\t\t\t<\/div>\r\n\r\n\t\t\t<\/article>\r\n\r\n\r\n\r\n\t\t<\/li><li>\r\n\t\t\t<article class=\"box\">\r\n\r\n\t\t\t\t<figure >\r\n\r\n\t\t\t\t\t<a href=\"https:\/\/www.expedicionestropicales.com\/es\/accommodation\/el-mangroove\/\" data-post_id=\"9987\" class=\"hover-effect\"><\/a>\r\n\r\n\t\t\t\t\t\r\n\t\t\t\t<\/figure>\r\n\r\n\t\t\t\t<div class=\"details\">\r\n\r\n\t\t\t\t\t\r\n\t\t\t\t\t\t<h4 class=\"box-title\">\r\n\r\n\t\t\t\t\t\t\t<a href=\"https:\/\/www.expedicionestropicales.com\/es\/accommodation\/el-mangroove\/\">El Mangroove<\/a>\r\n\r\n\t\t\t\t\t\t\t<small>Golfo de Papagayo Regi\u00f3n Norte del Pac\u00edfico<\/small>\r\n\r\n\t\t\t\t\t\t<\/h4>\r\n\r\n\t\t\t\t\t\t<div class=\"feedback\">\r\n\r\n\t\t\t\t\t\t\t<div data-placement=\"bottom\" data-toggle=\"tooltip\" class=\"five-stars-container\" title=\"0 stars\"><span style=\"width: 0%;\" class=\"five-stars\"><\/span><\/div>\r\n\r\n\t\t\t\t\t\t\t<span class=\"review\">0 reviews<\/span>\r\n\r\n\t\t\t\t\t\t<\/div>\r\n\r\n\t\t\t\t\t\t<p class=\"description\">Donde el manglar y el hombre se unen para crear un estilo vibrante y \u00fanico. El Mangroove se encuentra ubicado<\/p>\r\n\r\n\t\t\t\t\t\t<div class=\"action clearfix\">\r\n\r\n\t\t\t\t\t\t\t\r\n\t\t\t\t\t\t\t\t<a class=\"button btn-small\" href=\"https:\/\/www.expedicionestropicales.com\/es\/accommodation\/el-mangroove\/\">SELECT<\/a>\r\n\r\n\t\t\t\t\t\t\t\t<a class=\"button btn-small yellow popup-map\" href=\"#\" data-box=\"10.588104794946844,-85.64934529510498\">VIEW ON MAP<\/a>\r\n\r\n\t\t\t\t\t\t\t\r\n\t\t\t\t\t\t<\/div>\r\n\r\n\t\t\t\t\t\r\n\t\t\t\t<\/div>\r\n\r\n\t\t\t<\/article>\r\n\r\n\r\n\r\n\t\t<\/li><\/ul><\/div>\n<\/div>","protected":false},"excerpt":{"rendered":"<p>[vc_row][vc_column][vc_empty_space][\/vc_column][\/vc_row][vc_row][vc_column][vc_column_text] Ofrecemos la mayor variedad de Costa Rica Hoteles de certificados, dividido en 6 zonas tur\u00edsticas y cuidadosamente seleccionado, con las mejores ubicaciones para su viaje. CostaRicaGuides.com le proporciona una simple lista de Costa Rica Hoteles, Bed and Breakfast and Resorts. Nuestro compromiso es visitar cada uno de los hoteles personalmente para garantizar la calidad [&hellip;]<\/p>\n","protected":false},"author":9,"featured_media":0,"parent":0,"menu_order":0,"comment_status":"closed","ping_status":"closed","template":"templates\/template-with-right-sidebar.php","meta":{"_joinchat":[],"footnotes":""},"class_list":["post-7594","page","type-page","status-publish","hentry"],"_links":{"self":[{"href":"https:\/\/www.expedicionestropicales.com\/es\/wp-json\/wp\/v2\/pages\/7594","targetHints":{"allow":["GET"]}}],"collection":[{"href":"https:\/\/www.expedicionestropicales.com\/es\/wp-json\/wp\/v2\/pages"}],"about":[{"href":"https:\/\/www.expedicionestropicales.com\/es\/wp-json\/wp\/v2\/types\/page"}],"author":[{"embeddable":true,"href":"https:\/\/www.expedicionestropicales.com\/es\/wp-json\/wp\/v2\/users\/9"}],"replies":[{"embeddable":true,"href":"https:\/\/www.expedicionestropicales.com\/es\/wp-json\/wp\/v2\/comments?post=7594"}],"version-history":[{"count":1,"href":"https:\/\/www.expedicionestropicales.com\/es\/wp-json\/wp\/v2\/pages\/7594\/revisions"}],"predecessor-version":[{"id":11394,"href":"https:\/\/www.expedicionestropicales.com\/es\/wp-json\/wp\/v2\/pages\/7594\/revisions\/11394"}],"wp:attachment":[{"href":"https:\/\/www.expedicionestropicales.com\/es\/wp-json\/wp\/v2\/media?parent=7594"}],"curies":[{"name":"wp","href":"https:\/\/api.w.org\/{rel}","templated":true}]}}