{"id":7733,"date":"2015-08-26T21:33:47","date_gmt":"2015-08-26T21:33:47","guid":{"rendered":"https:\/\/www.expedicionestropicales.com\/es\/vacation-packages\/tropical-expedition-with-manuel-antonio\/"},"modified":"2024-12-12T12:31:11","modified_gmt":"2024-12-12T18:31:11","slug":"tropical-expedition-with-manuel-antonio","status":"publish","type":"page","link":"https:\/\/www.expedicionestropicales.com\/es\/vacation-packages\/tropical-expedition-with-manuel-antonio\/","title":{"rendered":"Expedici\u00f3n Tropical en Manuel Antonio"},"content":{"rendered":"<div class=\"wpb-content-wrapper\"><p>[vc_row][vc_column][rev_slider_vc alias=\u00bbslider9&#8243;][\/vc_column][\/vc_row][vc_row][vc_column][vc_custom_heading text=\u00bbExpedici\u00f3n Tropical con Manuel Antonio\u00bb font_container=\u00bbtag:h2|font_size:36|text_align:center|color:%2381d742&#8243; google_fonts=\u00bbfont_family:Montserrat%3Aregular%2C700|font_style:400%20regular%3A400%3Anormal\u00bb][vc_row_inner][vc_column_inner width=\u00bb1\/2&#8243;][vc_column_text]<\/p>\n<p style=\"text-align: center;\"><span style=\"font-family: 'arial black', sans-serif; font-size: 14pt;\">Desde<\/span><br \/>\n<span style=\"color: #99cc00; font-size: 36pt;\">US $1083.00<\/span><\/p>\n<p>[\/vc_column_text][vc_btn title=\u00bbReserve Ahora\u00bb color=\u00bbwarning\u00bb align=\u00bbcenter\u00bb i_icon_fontawesome=\u00bbfa fa-calendar-o\u00bb add_icon=\u00bbtrue\u00bb link=\u00bburl:https%3A%2F%2Fwww.expedicionestropicales.com%2Fes%2Fcontacto%2F|\u00bb el_id=\u00bbbook_now_vacation_package_coral\u00bb][\/vc_column_inner][vc_column_inner width=\u00bb1\/2&#8243;][vc_column_text]<span style=\"font-size: 14pt;\"><strong>Tarifas v\u00e1lidas del 01 de diciembre de 2024 al 30 de noviembre de 2025. + 13% de IVA.<br \/>\nTarifas no aplican para Navidad, A\u00f1o Nuevo 24-25 y Semana Santa 2025.<br \/>\n<\/strong><\/span>[\/vc_column_text][\/vc_column_inner][\/vc_row_inner][\/vc_column][\/vc_row][vc_row][vc_column][vc_tabs][vc_tab title=\u00bbDescripci\u00f3n Del Itinerario\u00bb tab_id=\u00bbca7941d1-a582-8&#8243;][vc_column_text]<span style=\"font-size: 14pt;\"><strong>D\u00eda 1 \u2013 Traslado privado desde el aeropuerto Juan Santamar\u00eda en San Jos\u00e9 a su hotel<\/strong><\/span><\/p>\n<p><span style=\"font-size: 14pt;\">A su llegada, Costa Rica Guides y Expediciones Tropicales tendr\u00e1n un representante dentro del aeropuerto que le estar\u00e1 esperando, despu\u00e9s de que pase inmigraci\u00f3n, sosteniendo un cartel visible con su apellido. El representante no podr\u00e1 brindar asistencia con su equipaje dentro del aeropuerto, ya que usted es la \u00fanica persona autorizada a hacerlo.<\/span><\/p>\n<p><span style=\"font-size: 14pt;\">Una vez que haya salido del aeropuerto, nuestro conductor estar\u00e1 encantado de ayudarle con su equipaje y transporte privado hasta el hotel en San Jos\u00e9.<\/span><\/p>\n<p><span style=\"font-size: 14pt;\"><strong>Alojamiento en San Jos\u00e9.<\/strong><\/span><\/p>\n<p>&nbsp;<\/p>\n<p><span style=\"font-size: 14pt;\"><strong>D\u00eda 2 \u2013 Tour Cl\u00e1sico por la ciudad de San Jos\u00e9.<\/strong><\/span><\/p>\n<p><span style=\"font-size: 14pt;\">Desayuno incluido en el hotel.<\/span><\/p>\n<p><span style=\"font-size: 14pt;\">Este tour muestra la cultura e historia de Costa Rica, visitando el museo de Oro Precolombino y sitios hist\u00f3ricos en la ciudad de San Jos\u00e9. Por ejemplo, el Lobby del Teatro Nacional, monumento patrio construido por manos costarricenses en 1897 conocido tambi\u00e9n como \u00abLa joya de San Jos\u00e9\u00bb.<\/span><\/p>\n<p><span style=\"font-size: 14pt;\">Paradas en varios puntos de igual importancia, tales como: La antigua estaci\u00f3n del tren, la F\u00e1brica Nacional De Licores, Tribunal Supremo De Elecciones, Asamblea Legislativa, El Edificio Met\u00e1lico, El Mercado Central y algunos parques. En fin, una introducci\u00f3n a nuestra ciudad capital, as\u00ed como informaci\u00f3n de temas de gran relevancia incluyendo econom\u00eda, cultura, pol\u00edtica, religi\u00f3n, y actualidad en general.<\/span><\/p>\n<p><span style=\"font-size: 14pt;\">Nuestra visita finaliza en un taller especializado en joyas y piezas en Oro, donde se recibir\u00e1 una explicaci\u00f3n complementaria de las t\u00e9cnicas utilizadas por nuestros ancestros para el trabajo metal\u00fargico.<\/span><\/p>\n<p><span style=\"font-size: 14pt;\"><strong>Recomendaciones:<\/strong> -C\u00e1mara fotogr\u00e1fica &#8211; Paraguas -Chaqueta impermeable.<\/span><\/p>\n<p><span style=\"font-size: 14pt;\"><strong>Alojamiento en San Jos\u00e9.<\/strong><\/span><\/p>\n<p>&nbsp;<\/p>\n<p><span style=\"font-size: 14pt;\"><strong>D\u00eda 3 &#8211; Combo Tour: Parque Nacional Volc\u00e1n Po\u00e1s \/ Doka Tour de Caf\u00e9 \/ Jardines de Cataratas de La Paz.<\/strong><\/span><\/p>\n<p><span style=\"font-size: 14pt;\">Desayuno incluido en el hotel.<\/span><\/p>\n<p><span style=\"font-size: 14pt;\">Para llegar a los diferentes atractivos incluidos en esta excursi\u00f3n, nos dirigiremos a la ciudad de Alajuela.<\/span><\/p>\n<p><span style=\"font-size: 14pt;\">En el ascenso al Volc\u00e1n Po\u00e1s notaremos el cambio de temperatura y de vegetaci\u00f3n; veremos plantaciones de caf\u00e9, as\u00ed como helechos, flores y fresas en el camino, creando un hermoso paisaje.<\/span><\/p>\n<p><span style=\"font-size: 14pt;\">Visitaremos Doka Coffee Tour para un delicioso desayuno y un tour de caf\u00e9. En una plantaci\u00f3n de caf\u00e9 real, donde vamos a aprender sobre las t\u00e9cnicas ancestrales utilizadas por los expertos para producir uno de los mejores caf\u00e9s de Costa Rica.<\/span><\/p>\n<p><span style=\"font-size: 14pt;\">Despu\u00e9s del tour de caf\u00e9 seguiremos hacia el Volc\u00e1n Po\u00e1s, donde no s\u00f3lo vamos a admirar el impresionante cr\u00e1ter principal, con fumarolas de azufre.<\/span><\/p>\n<p><span style=\"font-size: 14pt;\">La estad\u00eda total dentro del parque ser\u00e1 de 1:30 hora aproximadamente caminata hacia el mirador del cr\u00e1ter, permanencia el mirador, y visita a la laguna Botos.<\/span><\/p>\n<p><span style=\"font-size: 14pt;\">Por la altitud de este volc\u00e1n y su actividad, este tour no se recomienda para ninguna persona que presente problemas cardiacos, con presi\u00f3n arterial alta, operaciones recientes, mujeres embarazadas o ni\u00f1os.<\/span><\/p>\n<p><span style=\"font-size: 14pt;\">Tras la visita del volc\u00e1n, seguiremos hacia La Paz Waterfall Garden\u00b4s para el almuerzo y un tour en la naturaleza. A la llegada a La Paz, caminaremos por un sendero, que conduce a una espectacular catarata en medio del bosque. Dentro del parque tambi\u00e9n visitaremos la impresionante galer\u00eda de colibr\u00edes, el serpentario, el aviario y la exposici\u00f3n de ranas.<\/span><\/p>\n<p><span style=\"font-size: 14pt;\"><strong>Recomendaciones:<\/strong> sombrero -jacket- Zapatos de caminar- Repelente de insecto- Binoculares-C\u00e1mara fotogr\u00e1fica.<\/span><\/p>\n<p><span style=\"font-size: 14pt;\"><strong>Alojamiento en San Jos\u00e9.<\/strong><\/span><\/p>\n<p>&nbsp;<\/p>\n<p><span style=\"font-size: 14pt;\"><strong>D\u00eda 4 \u2013 Volc\u00e1n Arenal con Termales de Bald\u00ed.<\/strong><\/span><\/p>\n<p><span style=\"font-size: 14pt;\">Desayuno incluido en el hotel.<\/span><\/p>\n<p><span style=\"font-size: 14pt;\">El tour al Volc\u00e1n Arenal con Baldi Hot Springs es uno de los favoritos entre los viajeros.<\/span><\/p>\n<p><span style=\"font-size: 14pt;\">Este tour ofrece el lugar propicio para admirar el imponente Volc\u00e1n Arenal, y las relajantes aguas termales. En ruta hacia el Volc\u00e1n Arenal habr\u00e1 una parada en la famosa ciudad de Sarch\u00ed, conocido como el lugar de nacimiento de Artesanos de Costa Rica.<\/span><\/p>\n<p><span style=\"font-size: 14pt;\">En Sarch\u00ed, es muy posible que vea una carreta de bueyes que ostenta el t\u00edtulo de ser la m\u00e1s grande carreta de bueyes en el mundo. Haremos una parada para disfrutar de un almuerzo en un acogedor restaurante.<\/span><\/p>\n<p><span style=\"font-size: 14pt;\">Luego ir\u00e1 a relajarse en una de las mejores aguas termales de la zona donde podr\u00e1 disfrutar de los efectos rejuvenecedores de las aguas termales.<\/span><\/p>\n<p><span style=\"font-size: 14pt;\">Y para un final perfecto, una maravillosa cena ser\u00e1 servida con una gran vista del volc\u00e1n para que no se pierda ninguna oportunidad de mirar el impresionante y en forma cl\u00e1sicamente volc\u00e1n una vez m\u00e1s.<\/span><\/p>\n<p><span style=\"font-size: 14pt;\"><strong>Alojamiento en Arenal.<\/strong><\/span><\/p>\n<p>&nbsp;<\/p>\n<p><span style=\"font-size: 14pt;\"><strong>D\u00eda 5 \u2013 Traslado compartido desde Arenal a Manuel Antonio.<\/strong><\/span><\/p>\n<p><span style=\"font-size: 14pt;\">Desayuno incluido en el hotel.<\/span><\/p>\n<p><span style=\"font-size: 14pt;\">Tarde libre para disfrutar de Manuel Antonio y sus alrededores.<\/span><\/p>\n<p><span style=\"font-size: 14pt;\"><strong>Alojamiento en Manuel Antonio.<\/strong><\/span><\/p>\n<p>&nbsp;<\/p>\n<p><span style=\"font-size: 14pt;\"><strong>D\u00eda 6 \u2013 Tour al Parque Nacional Manuel Antonio.<\/strong><\/span><\/p>\n<p><span style=\"font-size: 14pt;\">Desayuno incluido en el hotel.<\/span><\/p>\n<p><span style=\"font-size: 14pt;\">Este parque nacional es considerado uno de los m\u00e1s bellos del pa\u00eds.<\/span><\/p>\n<p><span style=\"font-size: 14pt;\">La combinaci\u00f3n de una playa paradis\u00edaca de aguas cristalinas con bancos de coral, bordeada por una exuberante vegetaci\u00f3n y los encantos naturales del bosque tropical h\u00famedo.<\/span><\/p>\n<p><span style=\"font-size: 14pt;\">Inicialmente realizaremos una caminata en la selva tropical por un sendero natural del parque nacional hasta llegar a la playa, donde podremos tomar un ba\u00f1o, o realizar un recorrido por los senderos, que nos permitir\u00e1n observar la abundante flora y fauna, en particular varias especies de monos, mapaches, iguanas, p\u00e1jaros y osos perezosos.<\/span><\/p>\n<p><span style=\"font-size: 14pt;\">Tarde libre para disfrutar de Manuel Antonio y sus alrededores.<\/span><\/p>\n<p><span style=\"font-size: 14pt;\"><strong>Alojamiento en Manuel Antonio.<\/strong><\/span><\/p>\n<p>&nbsp;<\/p>\n<p><span style=\"font-size: 14pt;\"><strong>Day 7 \u2013 Traslado compartido desde Manuel Antonio a San Jose.<\/strong><\/span><\/p>\n<p><span style=\"font-size: 14pt;\">Desayuno incluido en el hotel.<\/span><\/p>\n<p><span style=\"font-size: 14pt;\">Resto del d\u00eda libre para disfrutar de San Jos\u00e9 y sus alrededores.<\/span><\/p>\n<p><span style=\"font-size: 14pt;\"><strong>Alojamiento en San Jos\u00e9.<\/strong><\/span><\/p>\n<p>&nbsp;<\/p>\n<p><span style=\"font-size: 14pt;\"><strong>Day 8 \u2013 Traslado al Aeropuerto.<\/strong><\/span><\/p>\n<p><span style=\"font-size: 14pt;\">Traslado desde su hotel en San Jos\u00e9 al Aeropuerto Internacional para tomar su vuelo de regreso.<\/span><\/p>\n<p>&nbsp;<\/p>\n<p><span style=\"font-size: 14pt;\"><strong>El paquete incluye:<\/strong><\/span><\/p>\n<ul>\n<li><span style=\"font-size: 14pt;\">\u2022Traslados privados al aeropuerto ida y vuelta.<\/span><\/li>\n<li><span style=\"font-size: 14pt;\">\u2022Servicio VIP de asistencia en el aeropuerto en la fecha de llegada proporcionado por Expediciones Tropicales).<\/span><\/li>\n<li><span style=\"font-size: 14pt;\">\u202207 desayunos, 02 almuerzos y 01 cena.<\/span><\/li>\n<li><span style=\"font-size: 14pt;\">\u202208 d\u00edas y 07 noches: 04 noches en San Jos\u00e9, 01 noche en Arenal y 02 noches en Manuel Antonio. <\/span><\/li>\n<li><span style=\"font-size: 14pt;\">\u2022Desayuno incluido.<\/span><\/li>\n<li><span style=\"font-size: 14pt;\">\u202204 tours incluidos.<\/span><\/li>\n<li><span style=\"font-size: 14pt;\">&#8211; Explorador de la ciudad de San Jos\u00e9.<\/span><\/li>\n<li><span style=\"font-size: 14pt;\">&#8211; Tour combinado (entrada al Volc\u00e1n Po\u00e1s, Tour del Caf\u00e9 Doka y Jard\u00edn de Cataratas de La Paz).<\/span><\/li>\n<li><span style=\"font-size: 14pt;\">&#8211; Volc\u00e1n Arenal y Termales de Bald\u00ed.<\/span><\/li>\n<li><span style=\"font-size: 14pt;\">&#8211; Parque Nacional Manuel Antonio.<\/span><\/li>\n<li><span style=\"font-size: 14pt;\">\u2022Transporte compartido al Arenal.<\/span><\/li>\n<li><span style=\"font-size: 14pt;\">\u2022Transporte compartido a Manuel Antonio.<\/span><\/li>\n<li><span style=\"font-size: 14pt;\">\u2022Transporte compartido a San Jos\u00e9.<\/span><\/li>\n<\/ul>\n<p>&nbsp;<\/p>\n<p><span style=\"font-size: 14pt;\"><strong>No incluido:<\/strong><\/span><\/p>\n<ul>\n<li><span style=\"font-size: 14pt;\">\u2022Comidas no mencionadas.<\/span><\/li>\n<li><span style=\"font-size: 14pt;\">\u2022Tiquete de avi\u00f3n.<\/span><\/li>\n<li><span style=\"font-size: 14pt;\">\u2022Impuestos de salida del aeropuerto.<\/span><\/li>\n<li><span style=\"font-size: 14pt;\">\u2022Bebidas alcoh\u00f3licas.<\/span><\/li>\n<li><span style=\"font-size: 14pt;\">\u2022Extras del hotel (llamadas telef\u00f3nicas, lavander\u00eda, servicio de habitaciones, etc.).<\/span><\/li>\n<li><span style=\"font-size: 14pt;\">\u2022Propinas (no obligatorias, pero se agradecen).<\/span><\/li>\n<\/ul>\n<p>[\/vc_column_text][\/vc_tab][vc_tab title=\u00bbHighlights Del Paquete\u00bb tab_id=\u00bb04b85fc6-4c60-1&#8243;][vc_column_text]<\/p>\n<p style=\"text-align: justify;\"><span style=\"font-family: arial, helvetica, sans-serif; font-size: 14pt;\">\u2022Traslado Aeropuerto SJO- Hotel- Aeropuerto SJO (veh\u00edculo con aire acondicionado).<\/span><\/p>\n<p style=\"text-align: justify;\"><span style=\"font-family: arial, helvetica, sans-serif; font-size: 14pt;\">\u2022Servicio de asistencia VIP en el aeropuerto a su llegada.<\/span><\/p>\n<p style=\"text-align: justify;\"><span style=\"font-family: arial, helvetica, sans-serif; font-size: 14pt;\">\u202208 d\u00edas y 07 noches: 04 noches en San Jos\u00e9, 01 noche en Arenal y 02 noches en Manuel Antonio. Desayuno incluido.<\/span><\/p>\n<p style=\"text-align: justify;\"><span style=\"font-family: arial, helvetica, sans-serif; font-size: 14pt;\">\u20224 tours inclu\u00eddos:<\/span><\/p>\n<p style=\"padding-left: 60px;\"><span style=\"font-family: arial, helvetica, sans-serif; font-size: 14pt;\">\u2022Tour combinado: Volc\u00e1n Po\u00e1s, Catarata La Paz y Tour del Caf\u00e9 Doka. <a href=\"https:\/\/www.expedicionestropicales.com\/es\/tour\/combo-tour-costa-rica\/\">(Detalles del tour)<\/a><\/span><\/p>\n<p style=\"padding-left: 60px;\"><span style=\"font-family: arial, helvetica, sans-serif; font-size: 14pt;\">\u2022Explorador de la ciudad de San Jos\u00e9. <a href=\"https:\/\/www.expedicionestropicales.com\/es\/tour\/san-jose-city-tour\/\">(Detalles del tour)<\/a><\/span><\/p>\n<p style=\"padding-left: 60px;\"><span style=\"font-family: arial, helvetica, sans-serif; font-size: 14pt;\">\u2022Volc\u00e1n Arenal y Termales Bald\u00ed. <a href=\"https:\/\/www.expedicionestropicales.com\/es\/tour\/arenal-volcano-baldi-hot-springs\/\">(Detalles del tour)<\/a><\/span><\/p>\n<p style=\"padding-left: 60px;\"><span style=\"font-family: arial, helvetica, sans-serif; font-size: 14pt;\">\u2022Parque Nacional Manuel Antonio. <a href=\"https:\/\/www.expedicionestropicales.com\/es\/tour\/parque-nacional-manuel-antonio\/\">(Detalles del tour)<\/a><\/span><\/p>\n<p style=\"text-align: justify;\"><span style=\"font-family: arial, helvetica, sans-serif; font-size: 14pt;\">\u20227 desayunos, 2 almuerzos y 01 cena.<\/span><\/p>\n<p style=\"text-align: justify;\"><span style=\"font-family: arial, helvetica, sans-serif; font-size: 14pt;\">\u2022Entradas al Museo del Oro, Estado de Doka y Volc\u00e1n Po\u00e1s, Jard\u00edn de las Cataratas de La Paz. Termales Bald\u00ed y Parque Nacional Manuel Antonio.<\/span><\/p>\n<p>[\/vc_column_text][\/vc_tab][vc_tab title=\u00bbPrecios\u00bb tab_id=\u00bb1440611372989-2-9&#8243;][vc_column_text]<span style=\"font-size: 14pt;\"><strong>Tarifas v\u00e1lidas del 01 de diciembre de 2024 al 30 de noviembre de 2025. <\/strong><\/span><\/p>\n<p><span style=\"font-size: 14pt;\"><strong>+ 13% de IVA. &#8211; Tarifas no aplican para Navidad, A\u00f1o Nuevo 24-25 y Semana Santa 2025.<br \/>\n<\/strong><\/span><\/p>\n<p>Las tarifas son por persona seg\u00fan categor\u00eda de hotel.<\/p>\n<p>*Tarifas no aplican para Navidad, A\u00f1o Nuevo 24-25 y Semana Santa 2025.[\/vc_column_text][vc_column_text]<\/p>\n<table style=\"font-weight: 400;\">\n<tbody>\n<tr>\n<td colspan=\"4\" width=\"534\"><strong><em>ET-07 Expedici\u00f3n Tropical con Manuel Antonio<\/em><\/strong><\/td>\n<\/tr>\n<tr>\n<td colspan=\"4\" width=\"534\"><strong>Tarifas rack por persona seg\u00fan categor\u00eda de hotel + 13%\u00a0 iva<\/strong><\/td>\n<\/tr>\n<tr>\n<td width=\"130\"><strong>Categor\u00eda<\/strong><\/td>\n<td width=\"118\"><strong>Sencilla<\/strong><\/td>\n<td width=\"118\"><strong>Doble<\/strong><\/td>\n<td width=\"167\"><strong>Triple<\/strong><\/td>\n<\/tr>\n<tr>\n<td width=\"130\">Econ\u00f3mico<\/td>\n<td width=\"118\">$1569.00<\/td>\n<td width=\"118\">$1152.00<\/td>\n<td width=\"167\">$1083.00<\/td>\n<\/tr>\n<tr>\n<td width=\"130\">Turista<\/td>\n<td width=\"118\">$1849.00<\/td>\n<td width=\"118\">$1292.00<\/td>\n<td width=\"167\">$1185.00<\/td>\n<\/tr>\n<tr>\n<td width=\"130\">Superior<\/td>\n<td width=\"118\">$2529.00<\/td>\n<td width=\"118\">$1645.00<\/td>\n<td width=\"167\">$1463.00<\/td>\n<\/tr>\n<tr>\n<td width=\"130\">Deluxe<\/td>\n<td width=\"118\">$3192.00<\/td>\n<td width=\"118\">$1996.00<\/td>\n<td width=\"167\">$1718.00<\/td>\n<\/tr>\n<\/tbody>\n<\/table>\n<p>[\/vc_column_text][vc_column_text]<\/p>\n<ul style=\"list-style-type: circle;\">\n<li><span style=\"font-size: 14pt;\">Los hoteles pueden variar y est\u00e1n sujetos a disponibilidad.<\/span><\/li>\n<li><span style=\"font-size: 14pt;\">Los t\u00e9rminos y condiciones de pago se determinan en el momento de reservar, ya que esto var\u00eda seg\u00fan las fechas y la temporada en que se realice la reservaci\u00f3n.<\/span><\/li>\n<li><span style=\"font-size: 14pt;\">La disponibilidad de las habitaciones no est\u00e1 garantizada hasta que se reciba el pago completo.<\/span><\/li>\n<li><span style=\"font-size: 14pt;\">Este paquete se puede modificar seg\u00fan sus requisitos especiales.<\/span><\/li>\n<li><span style=\"font-size: 14pt;\">No dude en contactar a nuestros ejecutivos de ventas para obtener su paquete personalizado. Recibir\u00e1s respuesta en un m\u00e1ximo de 24 horas, de lunes a viernes.<\/span><\/li>\n<\/ul>\n<p>[\/vc_column_text][\/vc_tab][\/vc_tabs][\/vc_column][\/vc_row]<\/p>\n<\/div>","protected":false},"excerpt":{"rendered":"<p>[vc_row][vc_column][rev_slider_vc alias=\u00bbslider9&#8243;][\/vc_column][\/vc_row][vc_row][vc_column][vc_custom_heading text=\u00bbExpedici\u00f3n Tropical con Manuel Antonio\u00bb font_container=\u00bbtag:h2|font_size:36|text_align:center|color:%2381d742&#8243; google_fonts=\u00bbfont_family:Montserrat%3Aregular%2C700|font_style:400%20regular%3A400%3Anormal\u00bb][vc_row_inner][vc_column_inner width=\u00bb1\/2&#8243;][vc_column_text] Desde US $1083.00 [\/vc_column_text][vc_btn title=\u00bbReserve Ahora\u00bb color=\u00bbwarning\u00bb align=\u00bbcenter\u00bb i_icon_fontawesome=\u00bbfa fa-calendar-o\u00bb add_icon=\u00bbtrue\u00bb link=\u00bburl:https%3A%2F%2Fwww.expedicionestropicales.com%2Fes%2Fcontacto%2F|\u00bb el_id=\u00bbbook_now_vacation_package_coral\u00bb][\/vc_column_inner][vc_column_inner width=\u00bb1\/2&#8243;][vc_column_text]Tarifas v\u00e1lidas del 01 de diciembre de 2024 al 30 de noviembre de 2025. + 13% de IVA. Tarifas no aplican para Navidad, A\u00f1o Nuevo 24-25 y Semana Santa 2025. [\/vc_column_text][\/vc_column_inner][\/vc_row_inner][\/vc_column][\/vc_row][vc_row][vc_column][vc_tabs][vc_tab title=\u00bbDescripci\u00f3n [&hellip;]<\/p>\n","protected":false},"author":9,"featured_media":0,"parent":7609,"menu_order":0,"comment_status":"closed","ping_status":"closed","template":"templates\/template-with-right-sidebar.php","meta":{"_joinchat":[],"footnotes":""},"class_list":["post-7733","page","type-page","status-publish","hentry"],"_links":{"self":[{"href":"https:\/\/www.expedicionestropicales.com\/es\/wp-json\/wp\/v2\/pages\/7733","targetHints":{"allow":["GET"]}}],"collection":[{"href":"https:\/\/www.expedicionestropicales.com\/es\/wp-json\/wp\/v2\/pages"}],"about":[{"href":"https:\/\/www.expedicionestropicales.com\/es\/wp-json\/wp\/v2\/types\/page"}],"author":[{"embeddable":true,"href":"https:\/\/www.expedicionestropicales.com\/es\/wp-json\/wp\/v2\/users\/9"}],"replies":[{"embeddable":true,"href":"https:\/\/www.expedicionestropicales.com\/es\/wp-json\/wp\/v2\/comments?post=7733"}],"version-history":[{"count":35,"href":"https:\/\/www.expedicionestropicales.com\/es\/wp-json\/wp\/v2\/pages\/7733\/revisions"}],"predecessor-version":[{"id":13410,"href":"https:\/\/www.expedicionestropicales.com\/es\/wp-json\/wp\/v2\/pages\/7733\/revisions\/13410"}],"up":[{"embeddable":true,"href":"https:\/\/www.expedicionestropicales.com\/es\/wp-json\/wp\/v2\/pages\/7609"}],"wp:attachment":[{"href":"https:\/\/www.expedicionestropicales.com\/es\/wp-json\/wp\/v2\/media?parent=7733"}],"curies":[{"name":"wp","href":"https:\/\/api.w.org\/{rel}","templated":true}]}}