{"id":7738,"date":"2015-08-24T04:35:10","date_gmt":"2015-08-24T04:35:10","guid":{"rendered":"https:\/\/www.expedicionestropicales.com\/es\/vacation-packages\/tropical-experience\/"},"modified":"2024-12-12T12:40:48","modified_gmt":"2024-12-12T18:40:48","slug":"tropical-experience","status":"publish","type":"page","link":"https:\/\/www.expedicionestropicales.com\/es\/vacation-packages\/tropical-experience\/","title":{"rendered":"Experiencia Tropical"},"content":{"rendered":"<div class=\"wpb-content-wrapper\"><p>[vc_row][vc_column][rev_slider_vc alias=\u00bbslider9&#8243;][\/vc_column][\/vc_row][vc_row][vc_column][vc_custom_heading text=\u00bbExperiencia Tropical\u00bb font_container=\u00bbtag:h2|font_size:36|text_align:center|color:%2381d742&#8243; google_fonts=\u00bbfont_family:Montserrat%3Aregular%2C700|font_style:400%20regular%3A400%3Anormal\u00bb][vc_row_inner][vc_column_inner width=\u00bb1\/2&#8243;][vc_column_text]<\/p>\n<p style=\"text-align: center;\"><span style=\"font-family: 'arial black', sans-serif; font-size: 14pt;\">Desde<\/span><br \/>\n<span style=\"color: #99cc00; font-size: 36pt;\">US $1421.00<\/span><\/p>\n<p>[\/vc_column_text][vc_btn title=\u00bbReserve Ahora\u00bb color=\u00bbwarning\u00bb align=\u00bbcenter\u00bb i_icon_fontawesome=\u00bbfa fa-calendar-o\u00bb add_icon=\u00bbtrue\u00bb link=\u00bburl:https%3A%2F%2Fwww.expedicionestropicales.com%2Fes%2Fcontacto%2F|\u00bb el_id=\u00bbbook_now_vacation_package_coral\u00bb][\/vc_column_inner][vc_column_inner width=\u00bb1\/2&#8243;][vc_column_text]<strong>Tarifas v\u00e1lidas desde el 01 diciembre 2024 al 30 de noviembre 2025. + 13% de IVA.<br \/>\nTarifas no aplican para Navidad, A\u00f1o Nuevo 24-25 y Semana Santa 2025.<br \/>\n<\/strong>[\/vc_column_text][\/vc_column_inner][\/vc_row_inner][\/vc_column][\/vc_row][vc_row][vc_column][vc_tabs][vc_tab title=\u00bbDescripci\u00f3n Del Itinerario\u00bb tab_id=\u00bbca7941d1-a582-8&#8243;][vc_column_text]<\/p>\n<p style=\"text-align: justify;\"><span style=\"font-family: arial, helvetica, sans-serif; font-size: 14pt;\"><strong>D\u00eda 1 \u2013 Traslado privado desde el aeropuerto Juan Santamar\u00eda en San Jos\u00e9 a su hotel<\/strong><\/span><\/p>\n<p style=\"text-align: justify;\"><span style=\"font-family: arial, helvetica, sans-serif; font-size: 14pt;\">A su llegada, Costa Rica Guides y Expediciones Tropicales tendr\u00e1n un representante dentro del aeropuerto que le estar\u00e1 esperando, despu\u00e9s de que pase inmigraci\u00f3n, sosteniendo un cartel visible con su apellido. El representante no podr\u00e1 brindar asistencia con su equipaje dentro del aeropuerto, ya que usted es la \u00fanica persona autorizada a hacerlo.<\/span><\/p>\n<p style=\"text-align: justify;\"><span style=\"font-family: arial, helvetica, sans-serif; font-size: 14pt;\">Una vez que haya salido del aeropuerto, nuestro conductor estar\u00e1 encantado de ayudarle con su equipaje y transporte privado hasta el hotel en San Jos\u00e9.<\/span><\/p>\n<p>[\/vc_column_text][vc_column_text]<\/p>\n<p style=\"text-align: justify;\"><span style=\"font-family: arial, helvetica, sans-serif; font-size: 14pt;\"><strong>D\u00eda 2 Tour de G\u00f3ndolas Aerial Tram del Atl\u00e1ntico. Traslado privad a Puerto Viejo Lim\u00f3n (D)<\/strong><\/span><\/p>\n<p style=\"text-align: justify;\"><span style=\"font-family: arial, helvetica, sans-serif; font-size: 14pt;\">Disfruta de un vuelo en las g\u00f3ndolas de nuestro telef\u00e9rico con vistas inolvidables de nuestra reserva natural. En este tour podr\u00e1s explorar el bosque lluvioso de Costa Rica desde el suelo hasta la corona de los \u00e1rboles. Nuestro telef\u00e9rico te permitir\u00e1 apreciar todos los secretos que esconde este territorio. Disfrutar\u00e1s de las incre\u00edbles vistas del Parque Nacional Braulio Carrillo y de nuestra propia reserva natural.<\/span><\/p>\n<p style=\"text-align: justify;\"><span style=\"font-family: arial, helvetica, sans-serif; font-size: 14pt;\">Despu\u00e9s del Aerial Tram le llevaremos en un traslado privado hasta su hotel en Puerto Viejo, Lim\u00f3n.<\/span><\/p>\n<p>[\/vc_column_text][vc_column_text]<\/p>\n<p style=\"text-align: justify;\"><span style=\"font-family: arial, helvetica, sans-serif; font-size: 14pt;\"><strong>D\u00eda 3 \u2013 Tour de Snorkeling en Cahuita, Lim\u00f3n. (D, A)<\/strong><\/span><\/p>\n<p style=\"text-align: justify;\"><span style=\"font-family: arial, helvetica, sans-serif; font-size: 14pt;\">Este tour se desarrolla en una lancha con capacidad para 14 personas, C\u00e1pitan y gu\u00eda, alrededor del Parque Nacional Cahuita donde podr\u00e1n practicar snorkeling alrededor de 2 horas aproximadamente en el arrecife coralino de mayor importancia de Costa Rica, donde hay: 35 especies distintas de corales, 123 especies de peces tropicales, 3 especies de Tiburones, 6 especies de morenas, 3 especies de erizos, 140 de moluscos, 44 de crust\u00e1ceos, 128 de algas, Tortugas Marinas, pepinos de mar, esponjas de mar, langostas, camarones entre otros. Se les brindar\u00e1 el equipo de snorkeling (mascaras, patas de rana y el tubo).<\/span><\/p>\n<p style=\"text-align: justify;\"><span style=\"font-family: arial, helvetica, sans-serif; font-size: 14pt;\">Despu\u00e9s del Snorkeling se les brindar\u00e1 un refrigerio a base de frutas tropicales de la temporada y agua fresca embotellada, para luego iniciar la segunda etapa del tour, la cual es la caminata coninterpretaci\u00f3n de sendero, el guia los llevar\u00e1 por diferentes puntos desde Punta Cahuita y el pueblo de Cahuita (3.5 kilometros) donde se pueden observar varios tipos de serpientes (boas, bocaraca, terciopelos, oropel, micas, ranera etc.) perezosos, monos cara blanca, aulladores, osos hormigueros, armadillos, mapaches, mariposas morphos azules, aves y muchas cosas m\u00e1s como: plantas medicinales, orquideas, \u00e1rboles, helechos, bromelias etc.<\/span><\/p>\n<p>[\/vc_column_text][vc_column_text]<\/p>\n<p style=\"text-align: justify;\"><span style=\"font-family: arial, helvetica, sans-serif; font-size: 14pt;\"><strong>D\u00eda 4 \u2013 Traslado a Sarapiqu\u00ed. (D)<\/strong><\/span><\/p>\n<p style=\"text-align: justify;\"><span style=\"font-family: arial, helvetica, sans-serif; font-size: 14pt;\">Resto del d\u00eda libre. <\/span><\/p>\n<p>[\/vc_column_text][vc_column_text]<\/p>\n<p style=\"text-align: justify;\"><span style=\"font-family: arial, helvetica, sans-serif; font-size: 14pt;\"><strong>D\u00eda 5 \u2013 Volc\u00e1n Arenal y aguas termales Baldi (D, A, C)<\/strong><\/span><\/p>\n<p style=\"text-align: justify;\"><span style=\"font-family: arial, helvetica, sans-serif; font-size: 14pt;\">Este tour ofrece el mejor de ambos mundos, en t\u00e9rminos de la belleza del imponente Volc\u00e1n Arenal, que se combina con las exuberantes aguas termales y relajantes de Baldi. Todo ello sobre un fondo de exuberante vegetaci\u00f3n y espectacular vista de la casi perfecta forma c\u00f3nica del coloso.<\/span><\/p>\n<p style=\"text-align: justify;\"><span style=\"font-family: arial, helvetica, sans-serif; font-size: 14pt;\">El impresionante Volc\u00e1n Arenal es una maravilla natural que se encuentra en La Fortuna de San Carlos, Alajuela, ofreciendo a miles de turistas la oportunidad de apreciar las columnas de humo blanco, ceniza y actividad fumar\u00f3lica que emana del coloso de forma c\u00f3nica. Es importante tomar en cuenta que el volc\u00e1n se hab\u00eda mantenido dormido por al menos unos 450 a\u00f1os, hasta que el 29 de Julio de 1968 volvi\u00f3 a experimentar una gran erupci\u00f3n, dando inicio a un nuevo periodo de actividad pirocl\u00e1stica, dicha actividad ha disminuido considerablemente durante los \u00faltimos a\u00f1os.<\/span><\/p>\n<p style=\"text-align: justify;\"><span style=\"font-family: arial, helvetica, sans-serif; font-size: 14pt;\">En el hermoso pueblo de La Fortuna, disfrutaremos del almuerzo en un acogedor restaurante con vista espectacular del Volc\u00e1n Arenal.<\/span><\/p>\n<p style=\"text-align: justify;\"><span style=\"font-family: arial, helvetica, sans-serif; font-size: 14pt;\">Luego del almuerzo se realizar\u00e1 una visita a un mirador cercano al pie del volc\u00e1n para apreciar m\u00e1s de cerca la vista del volc\u00e1n y adem\u00e1s la vista de La Laguna de Arenal.<\/span><\/p>\n<p style=\"text-align: justify;\"><span style=\"font-family: arial, helvetica, sans-serif; font-size: 14pt;\">Eventualmente el turista disfrutar\u00e1 y se relajar\u00e1 en una de las mejores aguas termales del pa\u00eds, donde podr\u00e1 disfrutar de los efectos rejuvenecedores de las mismas cuya temperatura oscila entre los 33 a 66 grados cent\u00edgrados (93-152 Fahrenheit) proporcionando a los clientes una amplia gama de opciones que se adapten a sus necesidades, as\u00ed como un masaje (actividad opcional) u otros tratamientos especiales que deben ser reservados con anticipaci\u00f3n para asegurar disponibilidad.<\/span><\/p>\n<p style=\"text-align: justify;\"><span style=\"font-family: arial, helvetica, sans-serif; font-size: 14pt;\">Las aguas termales de Baldi combinan los cuatro elementos de la naturaleza, el calor del volc\u00e1n, las aguas que fluyen de los manantiales de agua caliente, el aire puro de la selva, y la tierra f\u00e9rtil de la regi\u00f3n de La Fortuna de San Carlos.<\/span><\/p>\n<p style=\"text-align: justify;\"><span style=\"font-family: arial, helvetica, sans-serif; font-size: 14pt;\">Y para un final perfecto, antes de llevarle a su hotel en La Fortuna de Arenal, disfrutaremos de una maravillosa y deliciosa cena estilo buffet en el Baldi Resort.<\/span><\/p>\n<p>[\/vc_column_text][vc_column_text]<\/p>\n<p style=\"text-align: justify;\"><span style=\"font-family: arial, helvetica, sans-serif; font-size: 14pt;\"><strong>D\u00eda 6 \u2013 D\u00eda libre en La Fortuna de Arenal (D)<\/strong><\/span><\/p>\n<p style=\"text-align: justify;\"><em><span style=\"font-family: arial, helvetica, sans-serif; font-size: 14pt;\">Tours opcionales disponibles (no incluidos)<\/span><\/em><\/p>\n<p>[\/vc_column_text][vc_column_text]<\/p>\n<p style=\"text-align: justify;\"><span style=\"font-family: arial, helvetica, sans-serif; font-size: 14pt;\"><strong>D\u00eda 7 \u2013 Traslado compartido a San Jos\u00e9 (D)<\/strong><\/span><\/p>\n<p>[\/vc_column_text][vc_column_text]<\/p>\n<p style=\"text-align: justify;\"><span style=\"font-family: arial, helvetica, sans-serif; font-size: 14pt;\"><strong>D\u00eda 8 \u2013 Traslado privado al aeropuerto (D)<\/strong><\/span><\/p>\n<p style=\"text-align: justify;\"><span style=\"font-family: arial, helvetica, sans-serif; font-size: 14pt;\">Traslado privado desde su hotel en San Jos\u00e9 al Aeropuerto Internacional Juan Santamar\u00eda.<\/span><\/p>\n<p style=\"text-align: justify;\"><span style=\"font-family: arial, helvetica, sans-serif; font-size: 14pt;\"><strong>El paquete incluye:<\/strong><\/span><\/p>\n<ul>\n<li style=\"font-family: arial, helvetica, sans-serif; font-size: 14pt;\">\u2022 Transporte privado aeropuerto &#8211; hotel &#8211; aeropuerto.<\/li>\n<li style=\"font-family: arial, helvetica, sans-serif; font-size: 14pt;\">\u2022 Asistencia VIP en el aeropuerto.<\/li>\n<li style=\"font-family: arial, helvetica, sans-serif; font-size: 14pt;\">\u2022 07 desayunos.<\/li>\n<li style=\"font-family: arial, helvetica, sans-serif; font-size: 14pt;\">\u2022 01 almuerzo.<\/li>\n<li style=\"font-family: arial, helvetica, sans-serif; font-size: 14pt;\">\u2022 01 cena.<\/li>\n<li style=\"font-family: arial, helvetica, sans-serif; font-size: 14pt;\">\u2022 7 noches de hospedaje (habitaci\u00f3n est\u00e1ndar, con desayuno e impuestos).<\/li>\n<li style=\"font-family: arial, helvetica, sans-serif; font-size: 14pt;\">\u2022 Tour de Telef\u00e9rico.<\/li>\n<li style=\"font-family: arial, helvetica, sans-serif; font-size: 14pt;\">\u2022 Tour de snorkeling.<\/li>\n<li style=\"font-family: arial, helvetica, sans-serif; font-size: 14pt;\">\u2022 Entrada a Baldi Hot Springs.<\/li>\n<li style=\"font-family: arial, helvetica, sans-serif; font-size: 14pt;\">\u2022 Transporte privado San Jos\u00e9 \u2013 Puerto Viejo.<\/li>\n<li style=\"font-family: arial, helvetica, sans-serif; font-size: 14pt;\">\u2022 Transporte compartido Puerto Viejo \u2013 Sarapiqu\u00ed.<\/li>\n<li style=\"font-family: arial, helvetica, sans-serif; font-size: 14pt;\">\u2022 Transporte compartido Sarapiqu\u00ed &#8211; Arenal.<\/li>\n<li style=\"font-family: arial, helvetica, sans-serif; font-size: 14pt;\">\u2022 Transporte compartido Arenal &#8211; San Jos\u00e9.<\/li>\n<\/ul>\n<p style=\"text-align: justify;\"><span style=\"font-family: arial, helvetica, sans-serif; font-size: 14pt;\"><strong>No incluye:<\/strong><\/span><\/p>\n<ul>\n<li style=\"font-family: arial, helvetica, sans-serif; font-size: 14pt;\">\u2022 Comidas no mencionadas.<\/li>\n<li style=\"font-family: arial, helvetica, sans-serif; font-size: 14pt;\">\u2022 Tiquete a\u00e9reo.<\/li>\n<li style=\"font-family: arial, helvetica, sans-serif; font-size: 14pt;\">\u2022 Impuestos de salida de Costa Rica (US$29.00 por persona).<\/li>\n<li style=\"font-family: arial, helvetica, sans-serif; font-size: 14pt;\">\u2022 Bebidas alcoh\u00f3licas.<\/li>\n<li style=\"font-family: arial, helvetica, sans-serif; font-size: 14pt;\">\u2022 Extras en los hoteles (servicio de lavander\u00eda, tel\u00e9fono, servicio al cuarto, etc).<\/li>\n<li style=\"font-family: arial, helvetica, sans-serif; font-size: 14pt;\">\u2022 Propinas.<\/li>\n<\/ul>\n<p>[\/vc_column_text][\/vc_tab][vc_tab title=\u00bbHighlights Del Paquete\u00bb tab_id=\u00bb04b85fc6-4c60-1&#8243;][vc_column_text]<\/p>\n<p style=\"text-align: justify;\"><span style=\"font-family: arial, helvetica, sans-serif; font-size: 14pt;\">&#8211; Traslado privado Aeropuerto SJO \u2013 Hotel- Aeropuerto SJO (veh\u00edculo con A\/C).<\/span><\/p>\n<p style=\"text-align: justify;\"><span style=\"font-family: arial, helvetica, sans-serif; font-size: 14pt;\">&#8211; Asistencia VIP dentro del aeropuerto.<\/span><\/p>\n<p style=\"text-align: justify;\"><span style=\"font-family: arial, helvetica, sans-serif; font-size: 14pt;\">&#8211; Traslado privado desde San Jos\u00e9 a Puerto Viejo, Lim\u00f3n.<\/span><\/p>\n<p style=\"text-align: justify;\"><span style=\"font-family: arial, helvetica, sans-serif; font-size: 14pt;\">&#8211; Transporte compartido (shuttle) entre destinos incluidos en el programa.<\/span><\/p>\n<p style=\"text-align: justify;\"><span style=\"font-family: arial, helvetica, sans-serif; font-size: 14pt;\">&#8211; 7 noches de hospedaje (habitaci\u00f3n est\u00e1ndar, desayuno e impuestos incluidos).<\/span><\/p>\n<p style=\"text-align: justify;\"><span style=\"font-family: arial, helvetica, sans-serif; font-size: 14pt;\">&#8211; 7 desayunos.<\/span><\/p>\n<p style=\"text-align: justify;\"><span style=\"font-family: arial, helvetica, sans-serif; font-size: 14pt;\">&#8211; 2 almuerzos.<\/span><\/p>\n<p style=\"text-align: justify;\"><span style=\"font-family: arial, helvetica, sans-serif; font-size: 14pt;\">&#8211; 1 cena.<\/span><\/p>\n<p style=\"text-align: justify;\"><span style=\"font-family: arial, helvetica, sans-serif; font-size: 14pt;\">&#8211; Tour de Telef\u00e9rico (Aerial Tram).<\/span><\/p>\n<p style=\"text-align: justify;\"><span style=\"font-family: arial, helvetica, sans-serif; font-size: 14pt;\">&#8211; Tour de snorkeling y caminata en Parque Nacional Cahuita.<\/span><\/p>\n<p style=\"text-align: justify;\"><span style=\"font-family: arial, helvetica, sans-serif; font-size: 14pt;\">&#8211; Entrada a Baldi Hot Springs.<\/span><\/p>\n<p>[\/vc_column_text][\/vc_tab][vc_tab title=\u00bbPrecios\u00bb tab_id=\u00bb1440611372989-2-9&#8243;][vc_column_text]<span style=\"font-family: arial, helvetica, sans-serif; font-size: 12pt;\">Tarifa por persona, basado en ocupaci\u00f3n y categor\u00eda de hotel.<\/span><\/p>\n<p><span style=\"font-family: arial, helvetica, sans-serif; font-size: 12pt;\">Tarifas no aplican para Navidad, A\u00f1o Nuevo 24-25 y Semana Santa 2025.<\/span>[\/vc_column_text][vc_column_text]<\/p>\n<table>\n<tbody>\n<tr>\n<td colspan=\"4\" width=\"536\"><strong><em>ET-02 Experiencia Tropical 08 D \/ 07 N<\/em><\/strong><\/p>\n<p><strong>Tarifas v\u00e1lidas desde el\u00a0<\/strong><strong>01 diciembre 2024 al 30 de noviembre 2025<br \/>\nTarifas no aplican para Navidad, A\u00f1o Nuevo 24-25 y Semana Santa 2025.<br \/>\n<\/strong><\/td>\n<\/tr>\n<tr>\n<td colspan=\"4\" width=\"536\"><\/td>\n<\/tr>\n<tr>\n<td width=\"130\"><strong>Categor\u00eda<\/strong><\/td>\n<td width=\"119\"><strong>Sencilla<\/strong><\/td>\n<td width=\"119\"><strong>Doble<\/strong><\/td>\n<td width=\"168\"><strong>Triple<\/strong><\/td>\n<\/tr>\n<tr>\n<td width=\"130\">Turista<\/td>\n<td width=\"119\">$2339.00<\/td>\n<td width=\"119\">$1510.00<\/td>\n<td width=\"168\">$1421.00<\/td>\n<\/tr>\n<\/tbody>\n<\/table>\n<p>[\/vc_column_text][vc_column_text]<span style=\"font-family: arial, helvetica, sans-serif; font-size: 12pt;\">Paquete sujeto a disponibilidad hotelera.<\/span><br \/>\n<span style=\"font-family: arial, helvetica, sans-serif; font-size: 12pt;\">Toda reserva se prepaga en su totalidad.<\/span><br \/>\n<span style=\"font-family: arial, helvetica, sans-serif; font-size: 12pt;\">Ning\u00fan servicio est\u00e1 garantizado hasta que el pago total sea recibido.<\/span><br \/>\n<span style=\"font-family: arial, helvetica, sans-serif; font-size: 12pt;\">Podemos modificar estos paquetes y adaptarlos a sus intereses y presupuesto. <\/span>[\/vc_column_text][\/vc_tab][\/vc_tabs][\/vc_column][\/vc_row][vc_row][vc_column width=\u00bb1\/3&#8243;][\/vc_column][vc_column width=\u00bb1\/3&#8243;][vc_column_text]<a href=\"https:\/\/www.expedicionestropicales.com\/wp-content\/uploads\/2016\/09\/1124.pdf\" target=\"_blank\" rel=\"noopener noreferrer\"><img loading=\"lazy\" decoding=\"async\" class=\"wp-image-9750\" src=\"https:\/\/www.expedicionestropicales.com\/wp-content\/uploads\/2015\/08\/download-300x87.png\" alt=\"download vacation packages\" width=\"224\" height=\"65\" \/><\/a>[\/vc_column_text][\/vc_column][vc_column width=\u00bb1\/3&#8243;][\/vc_column][\/vc_row]<\/p>\n<\/div>","protected":false},"excerpt":{"rendered":"<p>[vc_row][vc_column][rev_slider_vc alias=\u00bbslider9&#8243;][\/vc_column][\/vc_row][vc_row][vc_column][vc_custom_heading text=\u00bbExperiencia Tropical\u00bb font_container=\u00bbtag:h2|font_size:36|text_align:center|color:%2381d742&#8243; google_fonts=\u00bbfont_family:Montserrat%3Aregular%2C700|font_style:400%20regular%3A400%3Anormal\u00bb][vc_row_inner][vc_column_inner width=\u00bb1\/2&#8243;][vc_column_text] Desde US $1421.00 [\/vc_column_text][vc_btn title=\u00bbReserve Ahora\u00bb color=\u00bbwarning\u00bb align=\u00bbcenter\u00bb i_icon_fontawesome=\u00bbfa fa-calendar-o\u00bb add_icon=\u00bbtrue\u00bb link=\u00bburl:https%3A%2F%2Fwww.expedicionestropicales.com%2Fes%2Fcontacto%2F|\u00bb el_id=\u00bbbook_now_vacation_package_coral\u00bb][\/vc_column_inner][vc_column_inner width=\u00bb1\/2&#8243;][vc_column_text]Tarifas v\u00e1lidas desde el 01 diciembre 2024 al 30 de noviembre 2025. + 13% de IVA. Tarifas no aplican para Navidad, A\u00f1o Nuevo 24-25 y Semana Santa 2025. [\/vc_column_text][\/vc_column_inner][\/vc_row_inner][\/vc_column][\/vc_row][vc_row][vc_column][vc_tabs][vc_tab title=\u00bbDescripci\u00f3n Del Itinerario\u00bb tab_id=\u00bbca7941d1-a582-8&#8243;][vc_column_text] D\u00eda 1 [&hellip;]<\/p>\n","protected":false},"author":9,"featured_media":0,"parent":7609,"menu_order":0,"comment_status":"closed","ping_status":"closed","template":"templates\/template-with-right-sidebar.php","meta":{"_joinchat":[],"footnotes":""},"class_list":["post-7738","page","type-page","status-publish","hentry"],"_links":{"self":[{"href":"https:\/\/www.expedicionestropicales.com\/es\/wp-json\/wp\/v2\/pages\/7738","targetHints":{"allow":["GET"]}}],"collection":[{"href":"https:\/\/www.expedicionestropicales.com\/es\/wp-json\/wp\/v2\/pages"}],"about":[{"href":"https:\/\/www.expedicionestropicales.com\/es\/wp-json\/wp\/v2\/types\/page"}],"author":[{"embeddable":true,"href":"https:\/\/www.expedicionestropicales.com\/es\/wp-json\/wp\/v2\/users\/9"}],"replies":[{"embeddable":true,"href":"https:\/\/www.expedicionestropicales.com\/es\/wp-json\/wp\/v2\/comments?post=7738"}],"version-history":[{"count":24,"href":"https:\/\/www.expedicionestropicales.com\/es\/wp-json\/wp\/v2\/pages\/7738\/revisions"}],"predecessor-version":[{"id":13412,"href":"https:\/\/www.expedicionestropicales.com\/es\/wp-json\/wp\/v2\/pages\/7738\/revisions\/13412"}],"up":[{"embeddable":true,"href":"https:\/\/www.expedicionestropicales.com\/es\/wp-json\/wp\/v2\/pages\/7609"}],"wp:attachment":[{"href":"https:\/\/www.expedicionestropicales.com\/es\/wp-json\/wp\/v2\/media?parent=7738"}],"curies":[{"name":"wp","href":"https:\/\/api.w.org\/{rel}","templated":true}]}}