{"id":7772,"date":"2015-09-16T05:26:31","date_gmt":"2015-09-16T05:26:31","guid":{"rendered":"https:\/\/www.expedicionestropicales.com\/es\/overnight-tours\/arenal-overnight\/"},"modified":"2025-01-22T00:01:12","modified_gmt":"2025-01-22T06:01:12","slug":"arenal-overnight","status":"publish","type":"page","link":"https:\/\/www.expedicionestropicales.com\/es\/overnight-tours\/arenal-overnight\/","title":{"rendered":"Arenal Overnight"},"content":{"rendered":"<div class=\"wpb-content-wrapper\"><p>[vc_row][vc_column][vc_column_text]<\/p>\n<p style=\"text-align: center;\"><span style=\"font-size: 14pt;\"><strong>Tour Volc\u00e1n Arenal 2 D\u00edas 1 Noche<\/strong><\/span><\/p>\n<p>[\/vc_column_text][vc_column_text]<\/p>\n<p style=\"text-align: center;\">\n<table style=\"width: 100%;\" border=\"1px\">\n<tbody>\n<tr>\n<td style=\"width: 83px;\"><\/td>\n<td style=\"width: 221px;\">\n<p style=\"text-align: center;\"><strong>ACTIVIDAD<\/strong><\/p>\n<\/td>\n<td style=\"width: 299px;\">\n<p style=\"text-align: center;\"><strong>INCLUYE<\/strong><\/p>\n<\/td>\n<td style=\"width: 109px;\">\n<p style=\"text-align: center;\"><strong>COMIDAS<\/strong><\/p>\n<\/td>\n<\/tr>\n<tr>\n<td style=\"width: 83px;\" rowspan=\"3\"><strong>D\u00eda 1<\/strong><\/td>\n<td style=\"width: 221px; text-align: center;\">Transporte a la zona de Arenal<\/td>\n<td style=\"width: 299px; text-align: center;\">Transporte y tour a la zona de Arenal<\/td>\n<td style=\"width: 109px; text-align: center;\" rowspan=\"3\">&nbsp;<\/p>\n<p>Almuerzo &amp; Cena<\/td>\n<\/tr>\n<tr>\n<td style=\"width: 221px; text-align: center;\">Visita a Bald\u00ed Hot Springs<\/td>\n<td style=\"width: 299px; text-align: center;\">Entranda a Bald\u00ed Hot Springs<\/td>\n<\/tr>\n<tr>\n<td style=\"width: 221px; text-align: center;\"><\/td>\n<td style=\"width: 299px; text-align: center;\">Noche en Arenal<\/td>\n<\/tr>\n<tr>\n<td style=\"width: 83px;\" rowspan=\"2\"><strong>D\u00eda 2<\/strong><\/td>\n<td style=\"width: 221px; text-align: center;\" rowspan=\"2\">Transporte a San Jos\u00e9<\/td>\n<td style=\"width: 299px; text-align: center;\">Ma\u00f1ana libre<\/td>\n<td style=\"width: 109px; text-align: center;\" rowspan=\"2\">Desayuno<\/td>\n<\/tr>\n<tr>\n<td style=\"width: 299px; text-align: center;\">Transporte a San Jos\u00e9 en horas de la tarde<\/td>\n<\/tr>\n<tr>\n<td style=\"width: 83px;\"><\/td>\n<td style=\"width: 221px; text-align: center;\"><\/td>\n<td style=\"width: 299px; text-align: center;\"><\/td>\n<td style=\"width: 109px; text-align: center;\"><\/td>\n<\/tr>\n<tr>\n<td style=\"width: 83px;\"><\/td>\n<td style=\"width: 221px; text-align: center;\"><\/td>\n<td style=\"width: 299px; text-align: center;\"><\/td>\n<td style=\"width: 109px; text-align: center;\"><\/td>\n<\/tr>\n<tr>\n<td style=\"width: 83px;\"><\/td>\n<td style=\"width: 221px; text-align: center;\"><\/td>\n<td style=\"width: 299px; text-align: center;\"><\/td>\n<td style=\"width: 109px; text-align: center;\"><\/td>\n<\/tr>\n<tr>\n<td style=\"width: 83px;\"><\/td>\n<td style=\"width: 221px; text-align: center;\"><\/td>\n<td style=\"width: 299px; text-align: center;\"><\/td>\n<td style=\"width: 109px; text-align: center;\"><\/td>\n<\/tr>\n<tr>\n<td style=\"width: 83px;\"><\/td>\n<td style=\"width: 221px;\"><\/td>\n<td style=\"width: 299px;\"><\/td>\n<td style=\"width: 109px;\"><\/td>\n<\/tr>\n<\/tbody>\n<\/table>\n<p>[\/vc_column_text][vc_btn title=\u00bbM\u00e1s Informaci\u00f3n\u00bb align=\u00bbcenter\u00bb link=\u00bburl:https%3A%2F%2Fwww.expedicionestropicales.com%2Fes%2Fcontacto%2F|title:Contacto||\u00bb][\/vc_column][\/vc_row][vc_row el_class=\u00bb.escondercontenido\u00bb][vc_column][vc_column_text]<\/p>\n<p style=\"text-align: center;\"><span style=\"font-size: 14pt;\"><strong>Tour Volc\u00e1n Arenal 2 D\u00edas 1 Noche<\/strong><\/span><\/p>\n<p style=\"text-align: center;\"><strong>Valido de Dec. 01, 2023 a Nov. 30, 2024 Tarifas rack + impuestos 13% IVA<\/strong><\/p>\n<p style=\"text-align: center;\">No valido para Semana Santa \/ Navidad &#8211; Fin de a\u00f1o<\/p>\n<table style=\"width: 100%;\" border=\"1px\">\n<tbody>\n<tr>\n<td style=\"width: 83px;\"><\/td>\n<td style=\"width: 221px;\">\n<p style=\"text-align: center;\"><strong>ACTIVIDAD<\/strong><\/p>\n<\/td>\n<td style=\"width: 299px;\">\n<p style=\"text-align: center;\"><strong>INCLUYE<\/strong><\/p>\n<\/td>\n<td style=\"width: 109px;\">\n<p style=\"text-align: center;\"><strong>COMIDAS<\/strong><\/p>\n<\/td>\n<\/tr>\n<tr>\n<td style=\"width: 83px;\" rowspan=\"3\"><strong>D\u00eda 1<\/strong><\/td>\n<td style=\"width: 221px; text-align: center;\">Transporte a la zona de Arenal<\/td>\n<td style=\"width: 299px; text-align: center;\">Transporte y tour a la zona de Arenal<\/td>\n<td style=\"width: 109px; text-align: center;\" rowspan=\"3\">&nbsp;<\/p>\n<p>Almuerzo &amp; Cena<\/td>\n<\/tr>\n<tr>\n<td style=\"width: 221px; text-align: center;\">Visita a Bald\u00ed Hot Springs<\/td>\n<td style=\"width: 299px; text-align: center;\">Entranda a Bald\u00ed Hot Springs<\/td>\n<\/tr>\n<tr>\n<td style=\"width: 221px; text-align: center;\"><\/td>\n<td style=\"width: 299px; text-align: center;\">Noche en Arenal<\/td>\n<\/tr>\n<tr>\n<td style=\"width: 83px;\" rowspan=\"2\"><strong>D\u00eda 2<\/strong><\/td>\n<td style=\"width: 221px; text-align: center;\" rowspan=\"2\">Transporte a San Jos\u00e9<\/td>\n<td style=\"width: 299px; text-align: center;\">Ma\u00f1ana libre<\/td>\n<td style=\"width: 109px; text-align: center;\" rowspan=\"2\">Desayuno<\/td>\n<\/tr>\n<tr>\n<td style=\"width: 299px; text-align: center;\">Transporte a San Jos\u00e9 en horas de la tarde<\/td>\n<\/tr>\n<tr>\n<td style=\"width: 83px;\"><strong>Categor\u00eda<\/strong><\/td>\n<td style=\"width: 221px; text-align: center;\">\n<p style=\"text-align: center;\"><strong>SENCILLA<\/strong><\/p>\n<\/td>\n<td style=\"width: 299px; text-align: center;\">\n<p style=\"text-align: center;\"><strong>DOBLE<\/strong><\/p>\n<\/td>\n<td style=\"width: 109px; text-align: center;\">\n<p style=\"text-align: center;\"><strong>TRIPLE<\/strong><\/p>\n<\/td>\n<\/tr>\n<tr>\n<td style=\"width: 83px;\">Econ\u00f3mico<\/td>\n<td style=\"width: 221px; text-align: center;\">$ 337.00<\/td>\n<td style=\"width: 299px; text-align: center;\">$ 311.00<\/td>\n<td style=\"width: 109px; text-align: center;\">$ 305.00<\/td>\n<\/tr>\n<tr>\n<td style=\"width: 83px;\">Turista<\/td>\n<td style=\"width: 221px; text-align: center;\">$ 360.00<\/td>\n<td style=\"width: 299px; text-align: center;\">$ 323.00<\/td>\n<td style=\"width: 109px; text-align: center;\">$ 311.00<\/td>\n<\/tr>\n<tr>\n<td style=\"width: 83px;\">Superior<\/td>\n<td style=\"width: 221px; text-align: center;\">$ 531.00<\/td>\n<td style=\"width: 299px; text-align: center;\">$ 405.00<\/td>\n<td style=\"width: 109px; text-align: center;\">$ 381.00<\/td>\n<\/tr>\n<tr>\n<td style=\"width: 83px;\">De Lujo<\/td>\n<td style=\"width: 221px;\">\n<p style=\"text-align: center;\">$ 745.00<\/p>\n<\/td>\n<td style=\"width: 299px;\">\n<p style=\"text-align: center;\">$ 519.00<\/p>\n<\/td>\n<td style=\"width: 109px;\">\n<p style=\"text-align: center;\">$ 471.00<\/p>\n<\/td>\n<\/tr>\n<\/tbody>\n<\/table>\n<p>[\/vc_column_text][vc_column_text]<\/p>\n<p style=\"text-align: center;\"><span style=\"font-family: arial, helvetica, sans-serif; font-size: 14pt;\"><strong>Nota: Tarifas son por persona en base al tipo de ocupaci\u00f3n y hotel<br \/>\nLas tarifas no son v\u00e1lidas para pascua, navidad ni para el 31 de diciembre<\/strong><\/span><\/p>\n<p>[\/vc_column_text][\/vc_column][\/vc_row]<\/p>\n<\/div>","protected":false},"excerpt":{"rendered":"<p>[vc_row][vc_column][vc_column_text] Tour Volc\u00e1n Arenal 2 D\u00edas 1 Noche [\/vc_column_text][vc_column_text] ACTIVIDAD INCLUYE COMIDAS D\u00eda 1 Transporte a la zona de Arenal Transporte y tour a la zona de Arenal &nbsp; Almuerzo &amp; Cena Visita a Bald\u00ed Hot Springs Entranda a Bald\u00ed Hot Springs Noche en Arenal D\u00eda 2 Transporte a San Jos\u00e9 Ma\u00f1ana libre Desayuno Transporte [&hellip;]<\/p>\n","protected":false},"author":9,"featured_media":0,"parent":8307,"menu_order":0,"comment_status":"closed","ping_status":"closed","template":"templates\/template-with-right-sidebar.php","meta":{"_joinchat":[],"footnotes":""},"class_list":["post-7772","page","type-page","status-publish","hentry"],"_links":{"self":[{"href":"https:\/\/www.expedicionestropicales.com\/es\/wp-json\/wp\/v2\/pages\/7772","targetHints":{"allow":["GET"]}}],"collection":[{"href":"https:\/\/www.expedicionestropicales.com\/es\/wp-json\/wp\/v2\/pages"}],"about":[{"href":"https:\/\/www.expedicionestropicales.com\/es\/wp-json\/wp\/v2\/types\/page"}],"author":[{"embeddable":true,"href":"https:\/\/www.expedicionestropicales.com\/es\/wp-json\/wp\/v2\/users\/9"}],"replies":[{"embeddable":true,"href":"https:\/\/www.expedicionestropicales.com\/es\/wp-json\/wp\/v2\/comments?post=7772"}],"version-history":[{"count":14,"href":"https:\/\/www.expedicionestropicales.com\/es\/wp-json\/wp\/v2\/pages\/7772\/revisions"}],"predecessor-version":[{"id":13456,"href":"https:\/\/www.expedicionestropicales.com\/es\/wp-json\/wp\/v2\/pages\/7772\/revisions\/13456"}],"up":[{"embeddable":true,"href":"https:\/\/www.expedicionestropicales.com\/es\/wp-json\/wp\/v2\/pages\/8307"}],"wp:attachment":[{"href":"https:\/\/www.expedicionestropicales.com\/es\/wp-json\/wp\/v2\/media?parent=7772"}],"curies":[{"name":"wp","href":"https:\/\/api.w.org\/{rel}","templated":true}]}}