{"id":8014,"date":"2015-09-26T23:36:52","date_gmt":"2015-09-26T23:36:52","guid":{"rendered":"https:\/\/www.expedicionestropicales.com\/es\/costa-rica-info\/regiones-de-costa-rica\/costa-rica-history\/"},"modified":"2019-05-22T15:40:35","modified_gmt":"2019-05-22T15:40:35","slug":"historia-de-costa-rica","status":"publish","type":"page","link":"https:\/\/www.expedicionestropicales.com\/es\/costa-rica-info\/regiones-de-costa-rica\/historia-de-costa-rica\/","title":{"rendered":"Historia de Costa Rica"},"content":{"rendered":"<div class=\"wpb-content-wrapper\"><p>[vc_row][vc_column][vc_column_text]<\/p>\n<p style=\"text-align: justify;\"><span style=\"font-family: arial, helvetica, sans-serif; font-size: 14pt;\">Periodo Precolombino<\/span><\/p>\n<p style=\"text-align: justify;\"><span style=\"font-family: arial, helvetica, sans-serif; font-size: 14pt;\">Hay evidencia arqueol\u00f3gica que indica la llegada de los primeros seres humanos a Costa Rica fue de entre 10.000 y 7.000 aC En el valle de Turrialba, \u00e1reas de cantera recientemente descubiertos y algunas instalaciones para la fabricaci\u00f3n de herramientas de apoyo a esta afirmaci\u00f3n. Los colonos de este per\u00edodo fueron las bandas n\u00f3madas, unos 20 a 30 cazadores y otros miembros del colectivo. Es interesante observar, que algunos de los animales que fueron cazados entonces todav\u00eda existen en la actualidad.<\/span><\/p>\n<p style=\"text-align: justify;\"><span style=\"font-family: arial, helvetica, sans-serif; font-size: 14pt;\">Como tal, con la llegada de estos primeros habitantes, las culturas Meso-americanas pronto desarrollaron. Las civilizaciones del \u00e1rea inmediata incluyen el territorio de Costa Rica, la mitad oriental de Nicaragua, Panam\u00e1, Colombia y el Pac\u00edfico ecuatoriano, todo funcionando como un puente entre las culturas meso-americanos y el \u00c1rea Andina. Intercambio tecnol\u00f3gico entre ambas zonas fue posible; tales como el desarrollo de la metalurgia en M\u00e9xico y en Am\u00e9rica Central.<\/span><\/p>\n<p style=\"text-align: justify;\"><span style=\"font-family: arial, helvetica, sans-serif; font-size: 14pt;\">Costa Rica Periodos<\/span><br \/>\n<span style=\"font-family: arial, helvetica, sans-serif; font-size: 14pt;\">Per\u00edodo colonial<\/span><\/p>\n<p style=\"text-align: justify;\"><span style=\"font-family: arial, helvetica, sans-serif; font-size: 14pt;\">En 1502, el navegante Crist\u00f3bal Col\u00f3n, en su cuarto y \u00faltimo expedici\u00f3n al Nuevo Mundo, ancla en la ciudad de Lim\u00f3n, espec\u00edficamente en Isla Uvita.<\/span><\/p>\n<p style=\"text-align: justify;\"><span style=\"font-family: arial, helvetica, sans-serif; font-size: 14pt;\">Los asentamientos europeos comienzan en 1522. Durante este per\u00edodo, los naturales del pa\u00eds son conquistados por los espa\u00f1oles. Costa Rica, a su vez, se convierte en la provincia meridional del territorio espa\u00f1ol, que ahora se llama la Nueva Espa\u00f1a. La capital de la provincia en este momento se encuentra en Cartago. En 1513 Vasco N\u00fa\u00f1ez de Balboa descubre la costa del Pac\u00edfico. M\u00e1s tarde el lago de Nicaragua es descubierto por Gil Gonz\u00e1lez D\u00e1vila, en torno a 1560. Este territorio sigue siendo explorado por Juan de Cavall\u00f3n y Juan V\u00e1zquez de Coronado. Durante los siguientes trescientos a\u00f1os, Espa\u00f1a administra esta regi\u00f3n, ya que los dep\u00f3sitos de oro son descubiertas por el capit\u00e1n general del anuncio de Guatemala, un gobernador militar. Con optimismo, los espa\u00f1oles se refieren a la regi\u00f3n como \u00abCosta Rica\u00bb o \u00abCosta Rica\u00bb para el oro valorado y dep\u00f3sitos minerales en el mismo. En \u00faltima instancia, ya que estas tierras no son tan ricos, ya que se cre\u00eda que primero ser, en comparaci\u00f3n con otras provincias, los pobladores se dedican principalmente a la agricultura.<\/span><br \/>\n<span style=\"font-family: arial, helvetica, sans-serif; font-size: 14pt;\">Independencia<\/span><\/p>\n<p style=\"text-align: justify;\"><span style=\"font-family: arial, helvetica, sans-serif; font-size: 14pt;\">En 1821, Costa Rica unifica las provincias centroamericanas en la declaraci\u00f3n de independencia de Espa\u00f1a, el d\u00eda 15 de septiembre. Durante un breve per\u00edodo, 1823 &#8211; 1839, bajo el dominio del Imperio Mexicano de Agust\u00edn de Iturbide, Costa Rica era parte del estado en las Provincias Unidas de Centroam\u00e9rica entre. En 1824 la capital del pa\u00eds se traslad\u00f3 a San Jos\u00e9, pero sigui\u00f3 un per\u00edodo de rivalidad con Cartago, la antigua capital.<\/span><\/p>\n<p style=\"text-align: justify;\"><span style=\"font-family: arial, helvetica, sans-serif; font-size: 14pt;\">Aunque todas las rep\u00fablicas recientemente independientes formaron una Federaci\u00f3n, las fronteras regionales controversias generaron desacuerdos entre ellos, a\u00f1adiendo a las regiones condiciones inestables. La norte\u00f1a provincia de Guanacaste se anex\u00f3 libremente a Costa Rica en 1824.<\/span><\/p>\n<p style=\"text-align: justify;\"><span style=\"font-family: arial, helvetica, sans-serif; font-size: 14pt;\">Bajo el mando de Tom\u00e1s Guardia Guti\u00e9rrez (1870-1882), Costa Rica se benefici\u00f3 de grandes inversiones extranjeras en las rutas ferroviarias y otros equipamientos p\u00fablicos. La llegada al pa\u00eds de la United Fruit Company, permiti\u00f3 el desarrollo de las llanuras costeras en la zona sur del pa\u00eds, las v\u00edas de ferrocarril, as\u00ed como la infraestructura. Como resultado de este desarrollo, los pa\u00edses de todo a pesar de un estado independiente, se vuelven m\u00e1s dependientes de los mercados internacionales y los capitales extranjeros.<\/span><\/p>\n<p style=\"text-align: justify;\"><span style=\"font-family: arial, helvetica, sans-serif; font-size: 14pt;\">A\u00f1os m\u00e1s tarde, el pa\u00eds disfrut\u00f3 de una era de paz y democracia que se inici\u00f3 en 1889, cuando se consideraron las elecciones libres por primera vez en la historia del pa\u00eds.<\/span><\/p>\n<p style=\"text-align: justify;\"><span style=\"font-family: arial, helvetica, sans-serif; font-size: 14pt;\">siglo 20<\/span><\/p>\n<p style=\"text-align: justify;\"><span style=\"font-family: arial, helvetica, sans-serif; font-size: 14pt;\">Costa Rica Costa Rica ha evitado en lo posible, la violencia que ha plagado a Am\u00e9rica Central. S\u00f3lo dos per\u00edodos individuales de fuerte violencia en el siglo 20, efect\u00faan el desarrollo democr\u00e1tico. En 1917, Federico Tinoco Granados gobern\u00f3 como un dictador durante dos a\u00f1os, despu\u00e9s de un golpe de Estado.<\/span><\/p>\n<p style=\"text-align: justify;\"><span style=\"font-family: arial, helvetica, sans-serif; font-size: 14pt;\">En 1948, Jos\u00e9 Figueres Ferrer despu\u00e9s de la victoria en la guerra civil, aboli\u00f3 el ej\u00e9rcito, y desde entonces, Costa Rica ha sido uno de los pocos pa\u00edses en los que opera bajo el sistema democr\u00e1tico sin la ayuda de un ej\u00e9rcito armado.<\/span><\/p>\n<p style=\"text-align: justify;\"><span style=\"font-family: arial, helvetica, sans-serif; font-size: 14pt;\">La p\u00e9rdida de 2.000 soldados en los 44 d\u00edas de guerra civil fue el m\u00e1s sangriento en la historia de Costa Rica en el siglo 20, pero la Asamblea cre\u00f3 una Constituci\u00f3n que garantice elecciones libres con sufragio universal y la abolici\u00f3n de un ej\u00e9rcito permanente.<\/span><\/p>\n<p style=\"text-align: justify;\"><span style=\"font-family: arial, helvetica, sans-serif; font-size: 14pt;\">Figueres se convirti\u00f3 en un h\u00e9roe nacional, ganando la primera elecci\u00f3n bajo la nueva constituci\u00f3n en 1953. Desde entonces, el pa\u00eds ha realizado con \u00e9xito doce elecciones, la \u00faltima de las elecciones en 2006.<\/span><\/p>\n<p style=\"text-align: justify;\"><span style=\"font-family: arial, helvetica, sans-serif; font-size: 14pt;\">Costa Rica ha llegado a un relativamente alto nivel de vida. En la actualidad, la r\u00e1pida expansi\u00f3n de las industrias en el \u00e1rea de la tecnolog\u00eda en la forma de las exportaciones y el turismo electr\u00f3nicos superan la agricultura como fuente de ingresos.<\/span><\/p>\n<p style=\"text-align: justify;\"><span style=\"font-family: arial, helvetica, sans-serif; font-size: 14pt;\">Costa Rica Hoy<\/span><\/p>\n<p style=\"text-align: justify;\"><span style=\"font-family: arial, helvetica, sans-serif; font-size: 14pt;\">Con una poblaci\u00f3n aproximada de 5 millones de habitantes y un territorio de 51.100 kil\u00f3metros, Costa Rica se encuentra en Centroam\u00e9rica, estrat\u00e9gicamente ubicado entre Am\u00e9rica del Norte y Am\u00e9rica del Sur.<\/span><\/p>\n<p style=\"text-align: justify;\"><span style=\"font-family: arial, helvetica, sans-serif; font-size: 14pt;\">Tiene dos puertos importantes, una en el Oc\u00e9ano Pac\u00edfico y el otro del Atl\u00e1ntico; 6 horas de distancia entre ellos. Cuenta con un sistema constitucional integrado por tres poderes: Legislativo, Ejecutivo y Judicial. Debido a la enorme riqueza del pa\u00eds de la flora y la fauna y la conciencia ambiental de la poblaci\u00f3n, el 25% del territorio nacional ha sido declarado como \u00e1reas protegidas.<\/span><\/p>\n<p style=\"text-align: justify;\"><span style=\"font-family: arial, helvetica, sans-serif; font-size: 14pt;\">Costa Rica TodayCosta costarricenses se refieren a menudo como \u00abTicos\u00bb, y son saben principalmente por su respeto a la uni\u00f3n familiar, el uso continuo de las viejas costumbres y amabilidad en general y de la fraternidad.<\/span><\/p>\n<p style=\"text-align: justify;\"><span style=\"font-family: arial, helvetica, sans-serif; font-size: 14pt;\">Tico es un t\u00e9rmino coloquial para un nativo de Costa Rica. La forma plural es Ticos. Hay dos explicaciones para el uso de esta palabra. Uno de los, es que Tico se utiliza como un sufijo diminutivo en lugar de utilizar ito. La segunda explicaci\u00f3n de la palabra tico es que es lo que sol\u00eda hacer poco la palabra \u00abHermanitico\u00bb, que es un amistoso y una manera respetuosa para referirse a los otros.<\/span><\/p>\n<p style=\"text-align: justify;\"><span style=\"font-family: arial, helvetica, sans-serif; font-size: 14pt;\">Los costarricenses son muy orgullosos de su historia; contin\u00faan revivir viejas costumbres, como cocinar en una estufa de le\u00f1a, el consumo de caf\u00e9 cada tarde e ir a la iglesia los domingos, s\u00f3lo por mencionar algunos. El aspecto personal de cada persona est\u00e1 siempre limpio y pulido.<\/span><\/p>\n<p style=\"text-align: justify;\"><span style=\"font-family: arial, helvetica, sans-serif; font-size: 14pt;\">Un cordial saludo, como Buenos Dias (buenos d\u00edas) y Buenas Noches (buenas noches) es la norma entre los costarricenses. Los hombres estrechar su mano y las mujeres se besan en la mejilla como una manera de decir hola o adi\u00f3s. Religi\u00f3n oficial de Costa Rica es el catolicismo, aunque la libertad de practicar existe ninguna religi\u00f3n. Y la mujer son aceptados a nivel nacional e igualmente a los hombres en t\u00e9rminos de oportunidades de empleo.<\/span><\/p>\n<p style=\"text-align: justify;\"><span style=\"font-family: arial, helvetica, sans-serif; font-size: 14pt;\">En resumen, Costa Rica es un sitio de paso obligado entre los lugares a visitar.<\/span><\/p>\n<p>[\/vc_column_text][\/vc_column][\/vc_row]<\/p>\n<\/div>","protected":false},"excerpt":{"rendered":"<p>[vc_row][vc_column][vc_column_text] Periodo Precolombino Hay evidencia arqueol\u00f3gica que indica la llegada de los primeros seres humanos a Costa Rica fue de entre 10.000 y 7.000 aC En el valle de Turrialba, \u00e1reas de cantera recientemente descubiertos y algunas instalaciones para la fabricaci\u00f3n de herramientas de apoyo a esta afirmaci\u00f3n. Los colonos de este per\u00edodo fueron las [&hellip;]<\/p>\n","protected":false},"author":9,"featured_media":0,"parent":8009,"menu_order":0,"comment_status":"closed","ping_status":"closed","template":"templates\/template-with-right-sidebar.php","meta":{"_joinchat":[],"footnotes":""},"class_list":["post-8014","page","type-page","status-publish","hentry"],"_links":{"self":[{"href":"https:\/\/www.expedicionestropicales.com\/es\/wp-json\/wp\/v2\/pages\/8014","targetHints":{"allow":["GET"]}}],"collection":[{"href":"https:\/\/www.expedicionestropicales.com\/es\/wp-json\/wp\/v2\/pages"}],"about":[{"href":"https:\/\/www.expedicionestropicales.com\/es\/wp-json\/wp\/v2\/types\/page"}],"author":[{"embeddable":true,"href":"https:\/\/www.expedicionestropicales.com\/es\/wp-json\/wp\/v2\/users\/9"}],"replies":[{"embeddable":true,"href":"https:\/\/www.expedicionestropicales.com\/es\/wp-json\/wp\/v2\/comments?post=8014"}],"version-history":[{"count":1,"href":"https:\/\/www.expedicionestropicales.com\/es\/wp-json\/wp\/v2\/pages\/8014\/revisions"}],"predecessor-version":[{"id":11388,"href":"https:\/\/www.expedicionestropicales.com\/es\/wp-json\/wp\/v2\/pages\/8014\/revisions\/11388"}],"up":[{"embeddable":true,"href":"https:\/\/www.expedicionestropicales.com\/es\/wp-json\/wp\/v2\/pages\/8009"}],"wp:attachment":[{"href":"https:\/\/www.expedicionestropicales.com\/es\/wp-json\/wp\/v2\/media?parent=8014"}],"curies":[{"name":"wp","href":"https:\/\/api.w.org\/{rel}","templated":true}]}}