{"id":8108,"date":"2015-09-15T05:04:39","date_gmt":"2015-09-15T05:04:39","guid":{"rendered":"https:\/\/www.expedicionestropicales.com\/es\/costa-rica-info\/costa-rica-weather\/"},"modified":"2020-03-05T14:52:00","modified_gmt":"2020-03-05T14:52:00","slug":"clima-de-costa-rica","status":"publish","type":"page","link":"https:\/\/www.expedicionestropicales.com\/es\/costa-rica-info\/clima-de-costa-rica\/","title":{"rendered":"Clima de Costa Rica"},"content":{"rendered":"<div class=\"wpb-content-wrapper\"><p>[vc_row][vc_column][vc_column_text]<span style=\"font-size: 14pt; font-family: arial, helvetica, sans-serif;\">En esta secci\u00f3n usted encontrar\u00e1 informaci\u00f3n detallada del tiempo actual en Costa Rica. Tambi\u00e9n podr\u00e1 ver las temperaturas promedios y precipitaci\u00f3n por regiones adem\u00e1s de las predicciones del clima para los pr\u00f3ximos 5 y 10 d\u00edas.<\/span><\/p>\n<h3 class=\"Subtitulos\"><span style=\"font-family: arial, helvetica, sans-serif; font-size: 14pt; line-height: 1.5;\"> <\/span><\/h3>\n<h3 class=\"Subtitulos\">Promedio del clima en Costa Rica<\/h3>\n<hr \/>\n<table border=\"0\" cellspacing=\"1\" cellpadding=\"3\" align=\"center\" bgcolor=\"#dddddd\">\n<tbody>\n<tr bgcolor=\"#000080\">\n<td bgcolor=\"#019B00\"><center><span style=\"color: #ffffff; font-size: small;\"> Meses<\/span><\/center><\/td>\n<td align=\"center\" bgcolor=\"#019B00\"><center><span style=\"color: #ffffff; font-size: small;\">Enero<\/span><\/center><\/td>\n<td align=\"center\" bgcolor=\"#019B00\"><center><span style=\"color: #ffffff; font-size: small;\">Febrero<\/span><\/center><\/td>\n<td align=\"center\" bgcolor=\"#019B00\"><center><span style=\"color: #ffffff; font-size: small;\">Marzo<\/span><\/center><\/td>\n<td align=\"center\" bgcolor=\"#019B00\"><center><span style=\"color: #ffffff; font-size: small;\">Abril<\/span><\/center><\/td>\n<td align=\"center\" bgcolor=\"#019B00\"><center><span style=\"color: #ffffff; font-size: small;\">Mayo<\/span><\/center><\/td>\n<td align=\"center\" bgcolor=\"#019B00\"><center><span style=\"color: #ffffff; font-size: small;\">Junio<\/span><\/center><\/td>\n<td align=\"center\" bgcolor=\"#019B00\"><center><span style=\"color: #ffffff; font-size: small;\">Julio<\/span><\/center><\/td>\n<td align=\"center\" bgcolor=\"#019B00\"><center><span style=\"color: #ffffff; font-size: small;\">Agosto<\/span><\/center><\/td>\n<td align=\"center\" bgcolor=\"#019B00\"><center><span style=\"color: #ffffff; font-size: small;\">Septiembre<\/span><\/center><\/td>\n<td align=\"center\" bgcolor=\"#019B00\"><center><span style=\"color: #ffffff; font-size: small;\">Octubre<\/span><\/center><\/td>\n<td align=\"center\" bgcolor=\"#019B00\"><center><span style=\"color: #ffffff; font-size: small;\">Noviembre<\/span><\/center><\/td>\n<td align=\"center\" bgcolor=\"#019B00\"><center><span style=\"color: #ffffff; font-size: small;\">Diciembre<\/span><\/center><\/td>\n<\/tr>\n<tr bgcolor=\"#ffffff\">\n<td><span style=\"font-size: small;\"><strong>Temperatura Alta (C)<\/strong><\/span><\/td>\n<td align=\"center\" bgcolor=\"#FF9900\"><span style=\"font-size: small;\">27 <\/span><\/td>\n<td align=\"center\" bgcolor=\"#FF9900\"><span style=\"font-size: small;\">27 <\/span><\/td>\n<td align=\"center\" bgcolor=\"#FF6600\"><span style=\"font-size: small;\">28 <\/span><\/td>\n<td align=\"center\" bgcolor=\"#FF6600\"><span style=\"font-size: small;\">28 <\/span><\/td>\n<td align=\"center\" bgcolor=\"#FF9900\"><span style=\"font-size: small;\">27 <\/span><\/td>\n<td align=\"center\" bgcolor=\"#FF9900\"><span style=\"font-size: small;\">27 <\/span><\/td>\n<td align=\"center\" bgcolor=\"#FF9900\"><span style=\"font-size: small;\">27 <\/span><\/td>\n<td align=\"center\" bgcolor=\"#FF9900\"><span style=\"font-size: small;\">27 <\/span><\/td>\n<td align=\"center\" bgcolor=\"#FF9933\"><span style=\"font-size: small;\">26 <\/span><\/td>\n<td align=\"center\" bgcolor=\"#FF9933\"><span style=\"font-size: small;\">26 <\/span><\/td>\n<td align=\"center\" bgcolor=\"#FF9933\"><span style=\"font-size: small;\">26 <\/span><\/td>\n<td align=\"center\" bgcolor=\"#FF9933\"><span style=\"font-size: small;\">26 <\/span><\/td>\n<\/tr>\n<tr bgcolor=\"#ffffff\">\n<td><span style=\"font-size: small;\"><strong>Temperatura Baja (C)<\/strong><\/span><\/td>\n<td align=\"center\" bgcolor=\"#0099FF\"><span style=\"color: #000000; font-size: small;\">17 <\/span><\/td>\n<td align=\"center\" bgcolor=\"#0066FF\"><span style=\"color: #000000; font-size: small;\">18 <\/span><\/td>\n<td align=\"center\" bgcolor=\"#0066FF\"><span style=\"color: #000000; font-size: small;\">18 <\/span><\/td>\n<td align=\"center\" bgcolor=\"#0066FF\"><span style=\"color: #000000; font-size: small;\">18 <\/span><\/td>\n<td align=\"center\" bgcolor=\"#0066FF\"><span style=\"color: #000000; font-size: small;\">18 <\/span><\/td>\n<td align=\"center\" bgcolor=\"#0066FF\"><span style=\"color: #000000; font-size: small;\">18 <\/span><\/td>\n<td align=\"center\" bgcolor=\"#0066FF\"><span style=\"color: #000000; font-size: small;\">18 <\/span><\/td>\n<td align=\"center\" bgcolor=\"#0066FF\"><span style=\"color: #000000; font-size: small;\">18 <\/span><\/td>\n<td align=\"center\" bgcolor=\"#0099FF\"><span style=\"color: #000000; font-size: small;\">17 <\/span><\/td>\n<td align=\"center\" bgcolor=\"#0066FF\"><span style=\"color: #000000; font-size: small;\">18 <\/span><\/td>\n<td align=\"center\" bgcolor=\"#0066FF\"><span style=\"color: #000000; font-size: small;\">18 <\/span><\/td>\n<td align=\"center\" bgcolor=\"#0066FF\"><span style=\"color: #000000; font-size: small;\">18 <\/span><\/td>\n<\/tr>\n<tr bgcolor=\"#ffffff\">\n<td><span style=\"font-size: small;\"><strong>Precipitacion (mm)<\/strong><\/span><\/td>\n<td align=\"center\" bgcolor=\"#FF3300\"><span style=\"color: #ffffff; font-size: small;\">6.3 <\/span><\/td>\n<td align=\"center\" bgcolor=\"#FF3300\"><span style=\"color: #ffffff; font-size: small;\">10.2 <\/span><\/td>\n<td align=\"center\" bgcolor=\"#FF3300\"><span style=\"color: #ffffff; font-size: small;\">13.8 <\/span><\/td>\n<td align=\"center\" bgcolor=\"#FF3300\"><span style=\"color: #ffffff; font-size: small;\">79.9 <\/span><\/td>\n<td align=\"center\" bgcolor=\"#000099\"><span style=\"color: #ffffff; font-size: small;\">267.6 <\/span><\/td>\n<td align=\"center\" bgcolor=\"#000099\"><span style=\"color: #ffffff; font-size: small;\">280.1 <\/span><\/td>\n<td align=\"center\" bgcolor=\"#000099\"><span style=\"color: #ffffff; font-size: small;\">181.5 <\/span><\/td>\n<td align=\"center\" bgcolor=\"#000099\"><span style=\"color: #ffffff; font-size: small;\">276.9 <\/span><\/td>\n<td align=\"center\" bgcolor=\"#000099\"><span style=\"color: #ffffff; font-size: small;\">355.1 <\/span><\/td>\n<td align=\"center\" bgcolor=\"#000099\"><span style=\"color: #ffffff; font-size: small;\">330.6 <\/span><\/td>\n<td align=\"center\" bgcolor=\"#000099\"><span style=\"color: #ffffff; font-size: small;\">135.5 <\/span><\/td>\n<td align=\"center\" bgcolor=\"#FF3300\"><span style=\"color: #ffffff; font-size: small;\">33.5 <\/span><\/td>\n<\/tr>\n<tr bgcolor=\"#ffffff\">\n<td><span style=\"font-size: small;\"><strong>% Promedio de Sol<\/strong><\/span><\/td>\n<td align=\"center\"><span style=\"font-size: small;\">40<\/span><\/td>\n<td align=\"center\"><span style=\"font-size: small;\">37<\/span><\/td>\n<td align=\"center\"><span style=\"font-size: small;\">39<\/span><\/td>\n<td align=\"center\"><span style=\"font-size: small;\">33<\/span><\/td>\n<td align=\"center\"><span style=\"font-size: small;\">25<\/span><\/td>\n<td align=\"center\"><span style=\"font-size: small;\">20<\/span><\/td>\n<td align=\"center\"><span style=\"font-size: small;\">21<\/span><\/td>\n<td align=\"center\"><span style=\"font-size: small;\">22<\/span><\/td>\n<td align=\"center\"><span style=\"font-size: small;\">20<\/span><\/td>\n<td align=\"center\"><span style=\"font-size: small;\">22<\/span><\/td>\n<td align=\"center\"><span style=\"font-size: small;\">25<\/span><\/td>\n<td align=\"center\"><span style=\"font-size: small;\">34<\/span><\/td>\n<\/tr>\n<\/tbody>\n<\/table>\n<p class=\"Titulo\" align=\"center\"><strong><span style=\"font-size: large;\">Mapa Clim\u00e1tico<\/span><\/strong><\/p>\n<p align=\"center\"><img loading=\"lazy\" decoding=\"async\" src=\"https:\/\/www.expedicionestropicales.com\/espanol\/images\/maps\/costa-rica-climates.gif\" alt=\"Costa Rica Climate Map\" width=\"520\" height=\"480\" \/><\/p>\n<table border=\"0\" width=\"65%\" cellspacing=\"6\" cellpadding=\"1\" align=\"center\">\n<tbody>\n<tr>\n<th colspan=\"2\" bgcolor=\"#FF6600\">Precipitaci\u00f3n Anual Costa Rica<\/th>\n<\/tr>\n<tr>\n<td bgcolor=\"#a2c9e1\" width=\"10%\"><\/td>\n<td bgcolor=\"#F8F8F8\" width=\"90%\">0-2000 mil\u00edmetros<\/td>\n<\/tr>\n<tr>\n<td bgcolor=\"#56bdda\"><\/td>\n<td bgcolor=\"#F8F8F8\">2000-3000 mil\u00edmetros<\/td>\n<\/tr>\n<tr>\n<td bgcolor=\"#40aead\"><\/td>\n<td bgcolor=\"#F8F8F8\">3000-4000 mil\u00edmetros<\/td>\n<\/tr>\n<tr>\n<td bgcolor=\"#92d1cb\"><\/td>\n<td bgcolor=\"#F8F8F8\">4000-6000 mil\u00edmetros<\/td>\n<\/tr>\n<tr>\n<td bgcolor=\"#1f8cb0\" height=\"17\"><\/td>\n<td bgcolor=\"#F8F8F8\">&gt; 6000 mil\u00edmetros<\/td>\n<\/tr>\n<\/tbody>\n<\/table>\n<h3 class=\"Subtitulos\"><span style=\"font-family: arial, helvetica, sans-serif; font-size: 14pt; line-height: 1.5;\">El clima en Costa Rica es tan variado como el pa\u00eds en si mismo. Aunque sin duda Costa Rica es un pa\u00eds tropical, se puede dividir en varias zonas clim\u00e1ticas, cada una con sus propias caracter\u00edsticas. <\/span><\/h3>\n<p><span style=\"font-size: 14pt; font-family: arial, helvetica, sans-serif;\"> La raz\u00f3n principal de la diversidad en el clima son las elevaciones que se pueden encontrar en la geograf\u00eda nacional. Por ejemplo, las monta\u00f1as de Monteverde son fr\u00edas y nubladas alrededor de todo el a\u00f1o, mientras las planicies de Guanacaste son secas y calientes. Se podr\u00eda decir que El Valle Central tiene el mejor clima ya que su temperatura promedio es de 22\u00b0C (71\u00b0F) y recibe constantemente las brisas de las costas. <u>Ir al art\u00edculo completo<\/u>  <\/span><\/p>\n<p><span style=\"font-size: 14pt; font-family: arial, helvetica, sans-serif;\">El promedio anual de todo el pa\u00eds se encuentra entre 22\u00b0C (71\u00b0F) y 27\u00b0C (81\u00b0F). Debido a su proximidad con el Ecuador, Costa Rica no tiene cuatro estaciones definidas, como primavera, verano, oto\u00f1o  e invierno. El sol brilla todo el a\u00f1o.  En Costa Rica, las estaciones est\u00e1n divididas en Epoca Seca y Epoca Lluviosa.  <\/span><br \/>\n<span style=\"font-size: 14pt; font-family: arial, helvetica, sans-serif;\"> La temporada  seca va desde Diciembre hasta Mayo y la temporada lluviosa desde Mayo a Noviembre.  Localmente, los meses secos los consideran verano y los meses lluviosos invierno. Un dato curioso es que las temperaturas m\u00e1s bajas se han registrado durante el principio de la \u00e9poca Seca o \u201cverano\u201d.<\/span><\/p>\n<p><span style=\"font-size: 14pt; font-family: arial, helvetica, sans-serif;\">La Costa de Caribe se encuentra al Oeste del pa\u00eds.  En esta zona la temporada lluviosa empieza en abril y continua hasta diciembre, a veces hasta enero. Ocasionalmente, tormentas lluviosas golpean el \u00e1rea durante los meses de septiembre y enero causando que llueva por varios d\u00edas. Por otro lado, los meses m\u00e1s secos son febrero y marzo y es posible que no caiga ni una gota de lluvia durante ese tiempo.<\/span><br \/>\n<span style=\"font-size: 14pt; font-family: arial, helvetica, sans-serif;\">  La costa del pac\u00edfico es conocida por tener d\u00edas c\u00e1lidos y soleados, con lluvias por las tardes durante la \u00e9poca lluviosa (Mayo a Noviembre).  El Pac\u00edfico<u> <\/u>Norte experimenta una intense \u00e9poca seca cada a\u00f1o, sin lluvia por varios meses, mientras el Pac\u00edfico Sur es m\u00e1s h\u00famedo, con una \u00e9poca seca m\u00e1s corta y lluvias m\u00e1s fuertes durante las tardes de la \u00e9poca lluviosa.<\/span><br \/>\n<span style=\"font-size: 14pt; font-family: arial, helvetica, sans-serif;\"> Por otro lado, El Valle Central ofrece una \u00e9poca seca con temperaturas moderadas por la mayor parte del a\u00f1o y un promedio m\u00e1s bajo de precipitaci\u00f3n.<\/span><\/p>\n<p><span style=\"font-size: 14pt; font-family: arial, helvetica, sans-serif;\">Uno de los factores clim\u00e1ticos m\u00e1s notables que afectan Costa Rica es el fen\u00f3meno El Ni\u00f1o.  El Ni\u00f1o es un patr\u00f3n del clima, que presenta fuertes lluvias el cual ocurre cada 2 a 7 a\u00f1os, causando un incremento inusual en la temperatura del agua del Oc\u00e9ano Pac\u00edfico, cambiando las condiciones del clima desde Los Estados Unidos hasta Argentina<\/span><\/p>\n<p><span style=\"font-size: 14pt; font-family: arial, helvetica, sans-serif;\"><strong>La mejor \u00e9poca para visitar Costa Rica<\/strong> <\/span><br \/>\n<span style=\"font-size: 14pt; font-family: arial, helvetica, sans-serif;\"> En general, la mejor \u00e9poca para visitar Costa Rica es entre diciembre hasta abril, ya que es la \u00e9poca seca. Pero tenga en cuenta que ya porque sea la \u00e9poca seca no quiere decir que no llueva del todo.<\/span><\/p>\n<p><span style=\"font-size: 14pt; font-family: arial, helvetica, sans-serif;\">El turismo en Costa Rica es m\u00e1s fuerte entre diciembre y febrero, por ser \u00e9poca seca. Semana Santa es tambi\u00e9n una semana muy ocupada mayormente de turismo nacional. Los meses de junio y Julio son tambi\u00e9n considerados temporada alta debido a las vacaciones de medio a\u00f1o de los turistas norteamericanos y europeos.<\/span><\/p>\n<p><span style=\"font-size: 14pt; font-family: arial, helvetica, sans-serif;\">Si usted quiere evitar la conmoci\u00f3n tur\u00edstica y adem\u00e1s obtener tarifas m\u00e1s econ\u00f3micas de <u>hospedaje<\/u>, le recomendamos visitar Costa Rica en los primeros meses de la \u00e9poca lluviosa.<\/span><\/p>\n<p><span style=\"font-size: 14pt; font-family: arial, helvetica, sans-serif;\"><strong>Pron\u00f3stico del Clima en Costa Rica <\/strong><\/span><br \/>\n<span style=\"font-size: 14pt; font-family: arial, helvetica, sans-serif;\"> Cuando est\u00e1 planeando sus vacaciones en Costa Rica, el clima es una parte muy importante de la ecuaci\u00f3n.  El pa\u00eds se encuentra en el tr\u00f3pico, adem\u00e1s de que cuenta con acerca de una docena de zonas clim\u00e1ticas y es notable la diversidad presentada en sus microclimas. La mayor\u00eda de las regiones cuentan con la \u00e9poca lluviosa (mayo a noviembre) y la \u00e9poca seca (diciembre a abril), y el horario de las lluvias es muy predecible.<\/span><br \/>\n<span style=\"font-size: 14pt; font-family: arial, helvetica, sans-serif;\"> Con la idea de ayudarle a planear su viaje y sacarle el mayor de los provechos, Costa Rica Guides le prove el clima local y nacional, incluyendo el pron\u00f3stico de las ciudades, el reporte del tiempo e informaci\u00f3n necesaria.  Aqu\u00ed puede encontrar el pron\u00f3stico mensual, de 10 d\u00edas e inclusive uno por hora de <a href=\"http:\/\/www.sanjosecostarica.org\/\" target=\"_blank\" rel=\"noopener noreferrer\">San Jos\u00e9<\/a> y de otras ciudades importantes del pa\u00eds.<br \/>\n<\/span>[\/vc_column_text][\/vc_column][\/vc_row]<\/p>\n<p>&nbsp;<script async src=\"https:\/\/pagead2.googlesyndication.com\/pagead\/js\/adsbygoogle.js\"><\/script><br \/>\n<!-- CRG --><br \/>\n<ins class=\"adsbygoogle\"\n     style=\"display:inline-block;width:728px;height:90px\"\n     data-ad-client=\"ca-pub-5227244797527418\"\n     data-ad-slot=\"8421187883\"><\/ins><br \/>\n<script>\n     (adsbygoogle = window.adsbygoogle || []).push({});\n<\/script><\/p>\n<\/div>","protected":false},"excerpt":{"rendered":"<p>[vc_row][vc_column][vc_column_text]En esta secci\u00f3n usted encontrar\u00e1 informaci\u00f3n detallada del tiempo actual en Costa Rica. Tambi\u00e9n podr\u00e1 ver las temperaturas promedios y precipitaci\u00f3n por regiones adem\u00e1s de las predicciones del clima para los pr\u00f3ximos 5 y 10 d\u00edas. Promedio del clima en Costa Rica Meses Enero Febrero Marzo Abril Mayo Junio Julio Agosto Septiembre Octubre Noviembre Diciembre [&hellip;]<\/p>\n","protected":false},"author":9,"featured_media":0,"parent":7910,"menu_order":0,"comment_status":"closed","ping_status":"closed","template":"","meta":{"_joinchat":[],"footnotes":""},"class_list":["post-8108","page","type-page","status-publish","hentry"],"_links":{"self":[{"href":"https:\/\/www.expedicionestropicales.com\/es\/wp-json\/wp\/v2\/pages\/8108","targetHints":{"allow":["GET"]}}],"collection":[{"href":"https:\/\/www.expedicionestropicales.com\/es\/wp-json\/wp\/v2\/pages"}],"about":[{"href":"https:\/\/www.expedicionestropicales.com\/es\/wp-json\/wp\/v2\/types\/page"}],"author":[{"embeddable":true,"href":"https:\/\/www.expedicionestropicales.com\/es\/wp-json\/wp\/v2\/users\/9"}],"replies":[{"embeddable":true,"href":"https:\/\/www.expedicionestropicales.com\/es\/wp-json\/wp\/v2\/comments?post=8108"}],"version-history":[{"count":7,"href":"https:\/\/www.expedicionestropicales.com\/es\/wp-json\/wp\/v2\/pages\/8108\/revisions"}],"predecessor-version":[{"id":12138,"href":"https:\/\/www.expedicionestropicales.com\/es\/wp-json\/wp\/v2\/pages\/8108\/revisions\/12138"}],"up":[{"embeddable":true,"href":"https:\/\/www.expedicionestropicales.com\/es\/wp-json\/wp\/v2\/pages\/7910"}],"wp:attachment":[{"href":"https:\/\/www.expedicionestropicales.com\/es\/wp-json\/wp\/v2\/media?parent=8108"}],"curies":[{"name":"wp","href":"https:\/\/api.w.org\/{rel}","templated":true}]}}